{"id":150,"date":"2017-01-16T17:03:27","date_gmt":"2017-01-16T16:03:27","guid":{"rendered":"https:\/\/www.proform.fr\/?page_id=150"},"modified":"2018-10-24T15:06:37","modified_gmt":"2018-10-24T13:06:37","slug":"mentions-legales","status":"publish","type":"page","link":"https:\/\/www.proform.fr\/de\/mentions-legales.html","title":{"rendered":"Rechtlicher Hinweis"},"content":{"rendered":"[vc_row][vc_column][vc_column_text]\n<div class=\"vc_row wpb_row vc_row-fluid\">\n<div class=\"wpb_column vc_column_container vc_col-sm-12\">\n<div class=\"vc_column-inner \">\n<div class=\"wpb_wrapper\">\n<div class=\"wpb_text_column wpb_content_element \">\n<div class=\"wpb_wrapper\">\n<p><strong>Herausgeber der Seite (Verantwortlicher)<\/strong><\/p>\n<p>Die Seite www.proform.com ist Eigentum der Firma <strong>PROFORM<\/strong>, S.A.S. (\u201eVereinfachte Aktiengesellschaft\u201d) mit einem Gesellschafter und einem Kapital von 4 000 000,00 \u20ac.<br \/>\nSiret-Nummer: 32697976200019<br \/>\nAPE-Code: Herstellung von sonstigen Armaturen (2814Z)<\/p>\n<p>Publikationsleiter: Soci\u00e9t\u00e9 G\u00e9rard Poichot SA, Pr\u00e4sident von Proform, vertreten durch Gilles POICHOT.<\/p>\n<p>&nbsp;<\/p>\n<p><strong>KONTAKT<\/strong><\/p>\n<p><strong>PROFORM<\/strong><\/p>\n<p>4 \u00e0 8 route du Caillou<\/p>\n<p>CS 50224<\/p>\n<p>69630 Chaponost<\/p>\n<p>&nbsp;<\/p>\n<p><strong>Hosting der Seite<\/strong><\/p>\n<p>Firma: OVH<br \/>\nAdresse: 2 rue Kellermann \u2013 59100 Roubaix \u2013 France<\/p>\n<p><strong>Design der Seite<\/strong><\/p>\n<p>Firma: <a href=\"http:\/\/www.d2bconsulting.fr\/\">D2b Consulting, conseil en strat\u00e9gie commerciale et strat\u00e9gie digitale<\/a><br \/>\nAdresse: <span class=\"LrzXr\">3 Rue Louis Gattefosse, 69800 Saint-Priest<\/span>.<\/p>\n<p><strong>Rechtsvorschriften<\/strong><\/p>\n<p>In auf dieser Seite und im allgemeineren Sinne auf der zu PROFORM geh\u00f6renden Domain ver\u00f6ffentlicht werden, sind nur zu Informationszwecken angegeben. PROFORM erstellt und bietet diese Inhalte auf Basis unterschiedlicher zusammenh\u00e4ngender Quellen an. PROFORM kann weder f\u00fcr Wahrheit und Relevanz der Inhalte noch f\u00fcr die Nutzung und Verwendung der Seite durch den User haftbar gemacht werden.<\/p>\n<p>Jegliche Vervielf\u00e4ltigung, \u00c4nderung, Ver\u00f6ffentlichung sowie das Kopieren der Inhalte auf den Domains von PROFORM (vollst\u00e4ndig und auszugsweise) mit Hilfe jeglicher Mittel und auf jeglichen Datentr\u00e4gern ist verboten.<\/p>\n<p><strong>Gew\u00e4hrleistungsausschluss<\/strong><\/p>\n<p>PROFORM setzt alles daran, die Genauigkeit und Aktualit\u00e4t des Seiteninhalts zu gew\u00e4hrleisten. Jedoch lehnt PROFORM jegliche Verantwortung in Bezug auf die Informationen ab, die auf der Seite oder mit Hilfe der Seite aufgerufen werden k\u00f6nnen, insbesondere bez\u00fcglich Inhalt, Genauigkeit und Zuverl\u00e4ssigkeit. PROFORM erteilt keinerlei Garantie, ausdr\u00fccklich oder stillschweigend, insbesondere darauf, dass keine Unterbrechungen oder Fehler der Dienstleistung oder andere Beeintr\u00e4chtigungen bei der Nutzung der Seite auftreten. Die auf dieser Seite vorhandenen Inhalte k\u00f6nnen jederzeit ge\u00e4ndert werden. PROFORM kann nicht garantieren, dass die Informationen vollst\u00e4ndig, wahr und aktuell sind.<\/p>\n<p><strong>Haftungsausschluss<\/strong><\/p>\n<p>PROFORM kann nicht haftbar gemacht werden, falls Sie oder jegliche Dritte direkte oder indirekte Sch\u00e4den bzw. aus der Nutzung der auf dieser Seite angegebenen Informationen und Materialien oder anderen Inhalten, auf die Sie mit Hilfe von Links auf dieser Seite Zugang haben k\u00f6nnten.<\/p>\n<p>Die direkt oder indirekt verlinkten Seiten werden von PROFORM nicht kontrolliert. Infolgedessen \u00fcbernimmt PROFORM keine Haftung f\u00fcr die Informationen, die auf diesen Seiten ver\u00f6ffentlicht werden. Links zu diesen Seiten Dritter werden nur der Bequemlichkeit halber angegeben und ziehen keine Haftung f\u00fcr diese Inhalte nach sich.<\/p>\n<p><strong>Datenschutz<\/strong><\/p>\n<p>Die gesammelten personenbezogenen Daten sind ausschlie\u00dflich zur internen Nutzung bestimmt. Sie werden niemals an Dritte verkauft oder abgetreten. Gem\u00e4\u00df der franz\u00f6sischen Gesetzgebung verf\u00fcgen Sie \u00fcber das Recht auf Zugang, Ver\u00e4nderung, Berichtigung und L\u00f6schung Sie betreffender Daten. Bei jeglichen Anfragen k\u00f6nnen Sie <a href=\"https:\/\/www.proform.fr\/contact.html\">uns kontaktieren<\/a>.<\/p>\n<p><strong>DSGVO-Bestimmungen<\/strong><\/p>\n<p>PROFORM ist f\u00fcr die Verarbeitung der Daten verantwortlich, die auf der Seite <a href=\"http:\/\/www.proform.fr\"><strong>www.proform.fr<\/strong><\/a> gesammelt werden<strong>.<\/strong><\/p>\n<p>Der Nutzer wird hiermit informiert, dass gem\u00e4\u00df Art. 32 des franz\u00f6sischen Datenschutzgesetzes vom 6. Januar 1978 (mit sp\u00e4teren \u00c4nderungen) die von ihm \u00fcber die Formulare auf der Seite von PROFORM \u00fcbermittelten Informationen n\u00f6tig sind, um seine Anfrage zu beantworten und f\u00fcr Dienstleistungen ben\u00f6tigt werden, die mit der Beantwortung seiner Anfrage verbunden sind.<\/p>\n<p>Gem\u00e4\u00df den Bestimmungen der Artikel 39 und 40 des franz\u00f6sischen Datenschutzgesetzes \u201eInformatik und Freiheiten\u201d vom 6. Januar 1978 (abge\u00e4ndert im Jahr 2004) hat der Nutzer Recht auf Zugang, Berichtigung, Aktualisierung und L\u00f6schung von Informationen, die ihn betreffen. Er kann dieses Recht aus\u00fcben, indem er sich an PROFORM, 4 \u00e0 8 route du Caillou \u2013 CS 50224 \u2013 69630 Chaponost wendet, in der Betreffzeile des Schreibens \u201eDroit des personnes\u201c (\u201eRecht der Personen\u201d) angibt und einen Identit\u00e4tsnachweis beif\u00fcgt.<\/p>\n<p>Sie verf\u00fcgen ebenfalls \u00fcber das Recht, zu bestimmen, was mit Ihren Daten nach Ihrem Ableben passieren soll.<\/p>\n<p>Gem\u00e4\u00df den Bestimmungen von Artikel 38 des franz\u00f6sischen Datenschutzgesetzes \u201eInformatik und Freiheiten\u201d vom 6. Januar 1978 (abge\u00e4ndert im Jahr 2004) kann der Nutzer ebenfalls aus berechtigten Gr\u00fcnden gegen die Verarbeitung der Daten und ohne Angabe von Gr\u00fcnden oder Kosten gegen die Verwendung dieser Daten zu Gesch\u00e4ftszwecken Widerspruch einlegen.<\/p>\n<p>Der Nutzer wird hiermit informiert, dass w\u00e4hrend seines Besuchs auf der Seite <a href=\"https:\/\/www.proform.fr\/\">www.proform.fr<\/a> automatisch ein Cookie auf seinem Internetger\u00e4t installiert werden kann.<\/p>\n<p>Die \u00fcber diese Seite gesammelten Informationen werden innerhalb eines Zeitraums von drei Jahren aufbewahrt.<\/p>\n<p>Ein Cookie ist ein kleiner Datensatz, der keine Identifizierung des Nutzers erm\u00f6glicht, sondern dazu dient, Informationen zu speichern, die mit seiner Aktivit\u00e4t auf der Seite verbunden sind. Der Browser kann so eingestellt werden, dass er \u00fcber die Pr\u00e4senz von Cookies informiert wird und eventuell Cookies ablehnt, wie dies auf der folgenden Seite erl\u00e4utert wird: www.cnil.fr.<\/p>\n<p>Der Nutzer verf\u00fcgt \u00fcber das Recht auf Zugang, L\u00f6schung und \u00c4nderung von personenbezogenen Daten, die mit Hilfe von Cookies \u00fcbertragen wurden; im Rahmen der oben aufgef\u00fchrten Bedingungen.<\/p>\n<p>Der Nutzer der Seite von PROFORM ist verpflichtet, die Bestimmungen des franz\u00f6sischen Datenschutzgesetzes vom 6. Januar 1978 (mit sp\u00e4teren \u00c4nderungen) zu befolgen, deren \u00dcbertretung strafrechtlich verfolgt werden kann. Er ist insbesondere verpflichtet, in Bezug auf jegliche namentliche Informationen, zu denen er Zugang erlangen sollte, Sammlung, Zweckentfremdung und im Allgemeinen alle T\u00e4tigkeiten zu unterlassen, die die Privatsph\u00e4re oder Reputation anderer Personen beeintr\u00e4chtigen k\u00f6nnten.<\/p>\n<p><a href=\"https:\/\/www.proform.fr\/de\/umgang-mit-cookies.html\">Umgang mit Cookies<\/a><\/p>\n<p>&nbsp;<\/p>\n<p><strong>Links zu und von diesen Inhalten<\/strong><\/p>\n<p>Die Inhalte der Domains von PROFORM k\u00f6nnen Links zu anderen Seiten oder Inhalten im Internet enthalten, die nicht das Eigentum von PROFORM darstellen. Infolgedessen kann PROFORM f\u00fcr diese Inhalte und das Funktionieren dieser Seiten haftbar gemacht werden (Cookies, Sammlung von personenbezogenen Daten\u2026).<\/p>\n<p>Es ist m\u00f6glich, Links zu Inhalten zu erstellen, die von PROFORM erstellt oder ver\u00f6ffentlicht werden. Um diese Links zum Vorteil der beiden Seiten anzupassen, kann PROFORM ersucht werden, \u00c4nderungen bei der Darbietung der Links vorzunehmen (Schl\u00fcsselw\u00f6rter, URL usw.).<\/p>\n<p><strong>Copyright<\/strong><\/p>\n<p>Alle Vervielf\u00e4ltigungs- und Verbreitungsrechte vorbehalten. \u00a9 PROFORM 2017.<\/p>\n<\/div>\n<\/div>\n<\/div>\n<\/div>\n<\/div>\n<\/div>\n[\/vc_column_text][\/vc_column][\/vc_row]\n","protected":false},"excerpt":{"rendered":"<p>[vc_row][vc_column][vc_column_text] Herausgeber der Seite (Verantwortlicher) Die Seite www.proform.com ist Eigentum der Firma PROFORM, S.A.S. (\u201eVereinfachte Aktiengesellschaft\u201d) mit einem Gesellschafter und einem Kapital von 4 000 000,00 \u20ac. Siret-Nummer: 32697976200019 APE-Code: Herstellung von sonstigen Armaturen (2814Z) Publikationsleiter: Soci\u00e9t\u00e9 G\u00e9rard Poichot SA, Pr\u00e4sident von Proform, vertreten durch Gilles POICHOT. &nbsp; KONTAKT PROFORM 4 \u00e0 8 route du&hellip;<\/p>\n","protected":false},"author":1,"featured_media":0,"parent":0,"menu_order":0,"comment_status":"closed","ping_status":"closed","template":"","meta":[],"class_list":["post-150","page","type-page","status-publish","hentry","description-off"],"yoast_head":"<!-- This site is optimized with the Yoast SEO plugin v26.7 - https:\/\/yoast.com\/wordpress\/plugins\/seo\/ -->\n<title>PROFORM<\/title>\n<meta name=\"description\" content=\"PROFORM\" \/>\n<meta name=\"robots\" content=\"index, follow, max-snippet:-1, max-image-preview:large, max-video-preview:-1\" \/>\n<link rel=\"canonical\" href=\"https:\/\/www.proform.fr\/de\/mentions-legales.html\" \/>\n<meta property=\"og:locale\" content=\"de_DE\" \/>\n<meta property=\"og:type\" content=\"article\" \/>\n<meta property=\"og:title\" content=\"PROFORM\" \/>\n<meta property=\"og:description\" content=\"PROFORM\" \/>\n<meta property=\"og:url\" content=\"https:\/\/www.proform.fr\/de\/mentions-legales.html\" \/>\n<meta property=\"og:site_name\" content=\"Proform DE\" \/>\n<meta property=\"article:modified_time\" content=\"2018-10-24T13:06:37+00:00\" \/>\n<meta name=\"twitter:card\" content=\"summary_large_image\" \/>\n<meta name=\"twitter:label1\" content=\"Gesch\u00e4tzte Lesezeit\" \/>\n\t<meta name=\"twitter:data1\" content=\"5\u00a0Minuten\" \/>\n<script type=\"application\/ld+json\" class=\"yoast-schema-graph\">{\"@context\":\"https:\/\/schema.org\",\"@graph\":[{\"@type\":\"WebPage\",\"@id\":\"https:\/\/www.proform.fr\/de\/mentions-legales.html\",\"url\":\"https:\/\/www.proform.fr\/de\/mentions-legales.html\",\"name\":\"PROFORM\",\"isPartOf\":{\"@id\":\"https:\/\/www.proform.fr\/de\/#website\"},\"datePublished\":\"2017-01-16T16:03:27+00:00\",\"dateModified\":\"2018-10-24T13:06:37+00:00\",\"description\":\"PROFORM\",\"breadcrumb\":{\"@id\":\"https:\/\/www.proform.fr\/de\/mentions-legales.html#breadcrumb\"},\"inLanguage\":\"de\",\"potentialAction\":[{\"@type\":\"ReadAction\",\"target\":[\"https:\/\/www.proform.fr\/de\/mentions-legales.html\"]}]},{\"@type\":\"BreadcrumbList\",\"@id\":\"https:\/\/www.proform.fr\/de\/mentions-legales.html#breadcrumb\",\"itemListElement\":[{\"@type\":\"ListItem\",\"position\":1,\"name\":\"Accueil\",\"item\":\"https:\/\/www.proform.fr\/de\/\"},{\"@type\":\"ListItem\",\"position\":2,\"name\":\"Rechtlicher Hinweis\"}]},{\"@type\":\"WebSite\",\"@id\":\"https:\/\/www.proform.fr\/de\/#website\",\"url\":\"https:\/\/www.proform.fr\/de\/\",\"name\":\"Proform DE\",\"description\":\"Un site utilisant Les sites de Proform\",\"potentialAction\":[{\"@type\":\"SearchAction\",\"target\":{\"@type\":\"EntryPoint\",\"urlTemplate\":\"https:\/\/www.proform.fr\/de\/?s={search_term_string}\"},\"query-input\":{\"@type\":\"PropertyValueSpecification\",\"valueRequired\":true,\"valueName\":\"search_term_string\"}}],\"inLanguage\":\"de\"}]}<\/script>\n<!-- \/ Yoast SEO plugin. -->","yoast_head_json":{"title":"PROFORM","description":"PROFORM","robots":{"index":"index","follow":"follow","max-snippet":"max-snippet:-1","max-image-preview":"max-image-preview:large","max-video-preview":"max-video-preview:-1"},"canonical":"https:\/\/www.proform.fr\/de\/mentions-legales.html","og_locale":"de_DE","og_type":"article","og_title":"PROFORM","og_description":"PROFORM","og_url":"https:\/\/www.proform.fr\/de\/mentions-legales.html","og_site_name":"Proform DE","article_modified_time":"2018-10-24T13:06:37+00:00","twitter_card":"summary_large_image","twitter_misc":{"Gesch\u00e4tzte Lesezeit":"5\u00a0Minuten"},"schema":{"@context":"https:\/\/schema.org","@graph":[{"@type":"WebPage","@id":"https:\/\/www.proform.fr\/de\/mentions-legales.html","url":"https:\/\/www.proform.fr\/de\/mentions-legales.html","name":"PROFORM","isPartOf":{"@id":"https:\/\/www.proform.fr\/de\/#website"},"datePublished":"2017-01-16T16:03:27+00:00","dateModified":"2018-10-24T13:06:37+00:00","description":"PROFORM","breadcrumb":{"@id":"https:\/\/www.proform.fr\/de\/mentions-legales.html#breadcrumb"},"inLanguage":"de","potentialAction":[{"@type":"ReadAction","target":["https:\/\/www.proform.fr\/de\/mentions-legales.html"]}]},{"@type":"BreadcrumbList","@id":"https:\/\/www.proform.fr\/de\/mentions-legales.html#breadcrumb","itemListElement":[{"@type":"ListItem","position":1,"name":"Accueil","item":"https:\/\/www.proform.fr\/de\/"},{"@type":"ListItem","position":2,"name":"Rechtlicher Hinweis"}]},{"@type":"WebSite","@id":"https:\/\/www.proform.fr\/de\/#website","url":"https:\/\/www.proform.fr\/de\/","name":"Proform DE","description":"Un site utilisant Les sites de Proform","potentialAction":[{"@type":"SearchAction","target":{"@type":"EntryPoint","urlTemplate":"https:\/\/www.proform.fr\/de\/?s={search_term_string}"},"query-input":{"@type":"PropertyValueSpecification","valueRequired":true,"valueName":"search_term_string"}}],"inLanguage":"de"}]}},"_links":{"self":[{"href":"https:\/\/www.proform.fr\/de\/wp-json\/wp\/v2\/pages\/150","targetHints":{"allow":["GET"]}}],"collection":[{"href":"https:\/\/www.proform.fr\/de\/wp-json\/wp\/v2\/pages"}],"about":[{"href":"https:\/\/www.proform.fr\/de\/wp-json\/wp\/v2\/types\/page"}],"author":[{"embeddable":true,"href":"https:\/\/www.proform.fr\/de\/wp-json\/wp\/v2\/users\/1"}],"replies":[{"embeddable":true,"href":"https:\/\/www.proform.fr\/de\/wp-json\/wp\/v2\/comments?post=150"}],"version-history":[{"count":4,"href":"https:\/\/www.proform.fr\/de\/wp-json\/wp\/v2\/pages\/150\/revisions"}],"predecessor-version":[{"id":690,"href":"https:\/\/www.proform.fr\/de\/wp-json\/wp\/v2\/pages\/150\/revisions\/690"}],"wp:attachment":[{"href":"https:\/\/www.proform.fr\/de\/wp-json\/wp\/v2\/media?parent=150"}],"curies":[{"name":"wp","href":"https:\/\/api.w.org\/{rel}","templated":true}]}}