{"id":225,"date":"2017-03-07T09:06:40","date_gmt":"2017-03-07T08:06:40","guid":{"rendered":"https:\/\/www.proform.fr\/?page_id=225"},"modified":"2026-01-16T09:41:37","modified_gmt":"2026-01-16T08:41:37","slug":"herstellung-schweissverbindungen-edelstahl","status":"publish","type":"page","link":"https:\/\/www.proform.fr\/de\/herstellung-schweissverbindungen-edelstahl.html","title":{"rendered":"Herstellung von Schwei\u00dfverbindungen aus Edelstahl"},"content":{"rendered":"[vc_row][vc_column][vc_column_text]\n<h2>Fittings f\u00fcr alle Industriearten<\/h2>\n<p><b>Gem\u00e4\u00df den geltenden internationalen Normen : EN10253-4, DIN11852, ASTM A403 &#8211; B16.9, ADW0 et ADW2<\/b><\/p>\n<p>Proform produziert <b>Fittings in Standardgr\u00f6\u00dfen<\/b> und vertreibt sie an den Endanwendern, Ersteller und Werke \u00fcber ein weltweites Vertriebsnetzwerk. Unsere Rohrverbindungen, <b>B\u00f6gen<\/b>, <b>T-St\u00fccke<\/b>, <b>Reduktionen<\/b>, <b>Flansche<\/b>, B\u00f6rdel werden in jeder Art von Anlage, die einen Transport von Gaz oder Fl\u00fcssigkeit ben\u00f6tigt, angewendet :<\/p>\n<ul>\n<li><img loading=\"lazy\" decoding=\"async\" class=\"alignright size-medium wp-image-538\" src=\"https:\/\/www.proform.fr\/de\/wp-content\/uploads\/sites\/3\/2017\/03\/1-11-300x264.jpg\" alt=\"Fittings edelstahl, rohrbogen geschliffen, Herstellung von Schwei\u00dfverbindungen aus Edelstahl, \" width=\"300\" height=\"264\" srcset=\"https:\/\/www.proform.fr\/de\/wp-content\/uploads\/sites\/3\/2017\/03\/1-11-300x264.jpg 300w, https:\/\/www.proform.fr\/de\/wp-content\/uploads\/sites\/3\/2017\/03\/1-11-1024x901.jpg 1024w, https:\/\/www.proform.fr\/de\/wp-content\/uploads\/sites\/3\/2017\/03\/1-11-768x676.jpg 768w, https:\/\/www.proform.fr\/de\/wp-content\/uploads\/sites\/3\/2017\/03\/1-11-1536x1352.jpg 1536w, https:\/\/www.proform.fr\/de\/wp-content\/uploads\/sites\/3\/2017\/03\/1-11-2048x1802.jpg 2048w, https:\/\/www.proform.fr\/de\/wp-content\/uploads\/sites\/3\/2017\/03\/1-11-106x93.jpg 106w\" sizes=\"auto, (max-width: 300px) 100vw, 300px\" \/>Wasseraufbereitung<\/li>\n<li>Raffinerie<\/li>\n<li>Atomkraftwerke<\/li>\n<li>Nahrungsmittelherstellung<\/li>\n<li>Weinbaubetriebe<\/li>\n<li>Fertigung von Konsumg\u00fcter<\/li>\n<li>\u2026<\/li>\n<\/ul>\n<h2>Herstellung von B\u00f6gen, T-St\u00fccke, Reduktionen<\/h2>\n<p>\u00dcber 6000 Artikeln ab Lager verf\u00fcgbar, gem\u00e4\u00df allen internationalen Normen, in allen Edelstahlwerkstoffen und Nickellegierungen.<\/p>\n<ul>\n<li>Geschwei\u00dfte oder nahtlose Rohrzubeh\u00f6re: B\u00f6gen, T-St\u00fccke, konzentrische oder exzentrische Reduzierst\u00fccke, B\u00f6den, Flansche, B\u00f6rdel<\/li>\n<li>Alle Arten von Edelstahl und Nickellegierungen (304, 304L, 316L, 316Ti, 321, 904L, &#8230;)<\/li>\n<li>Durchmesser von 10 mm bis 406.4 mm<\/li>\n<li>Oberfl\u00e4chenbearbeitung von metallblank bis Spiegelpolitur<\/li>\n<li>Wanddicken von 1 bis 20 mm<\/li>\n<li>Winkel 45\u00b0, 90\u00b0, 180\u00b0 mit oder ohne geradem Teil<\/li>\n<li>Short &amp; long Radius Modell 3 D &amp; 5 D<\/li>\n<li>Normen: ISO, metrische Norm, DIN, SMS, ASTM\/ANSI,&#8230; \u2026<\/li>\n<\/ul>\n[\/vc_column_text][\/vc_column][\/vc_row][vc_row][vc_column][vc_empty_space][\/vc_column][\/vc_row][vc_row][vc_column width=&#8220;1\/2&#8243;][vc_cta h2=&#8220;Standardteilekatalog&#8220; add_button=&#8220;right&#8220; btn_title=&#8220;Catalogue&#8220; btn_color=&#8220;mulled-wine&#8220; btn_i_icon_fontawesome=&#8220;fa fa-file-text-o&#8220; btn_add_icon=&#8220;true&#8220; btn_link=&#8220;url:https%3A%2F%2Fwww.proform.fr%2Fcatalogue.html|||&#8220;]<a href=\"https:\/\/www.proform.fr\/de\/demande-de-catalogue.html\">Schauen Sie sich unseren Katalog an<\/a>[\/vc_cta][\/vc_column][vc_column width=&#8220;1\/2&#8243;][vc_cta h2=&#8220;Kontakt&#8220; add_button=&#8220;right&#8220; btn_title=&#8220;Contact&#8220; btn_color=&#8220;mulled-wine&#8220; btn_i_icon_fontawesome=&#8220;fa fa-envelope-o&#8220; btn_add_icon=&#8220;true&#8220; btn_link=&#8220;url:https%3A%2F%2Fwww.proform.fr%2Fcontact.html|||&#8220;]Z\u00f6gern Sie nicht uns zu kontaktieren f\u00fcr ihre spezifischen Anfragen\u00a0![\/vc_cta][\/vc_column][\/vc_row][vc_row full_width=&#8220;stretch_row&#8220; css=&#8220;.vc_custom_1483609700434{margin-bottom: 20px !important;background-color: #66aacc !important;}&#8220;][vc_column][vc_column_text el_class=&#8220;p&#8220;]\n<h2>Herstellung von gebogenen rohrf\u00f6rmigen Standardteilen<\/h2>\n[\/vc_column_text][\/vc_column][\/vc_row][vc_row][vc_column width=&#8220;1\/3&#8243;][vc_column_text]Proform herstellt Verbindungen aus Edelstahl f\u00fcr alle industrielle Anwendungen :<\/p>\n<ul>\n<li>Korrosionsortiment : nach EN, ISO, DIN, Metrische Anforderungen<\/li>\n<li>Lebensmittelsortiment : nach SMS, DIN, Imperial\/OD Anforderungen<\/li>\n<li>Erd\u00f6lsortiment : gem\u00e4\u00df ASTM \/ ANSI<\/li>\n<\/ul>\n[\/vc_column_text][vc_column_text]<img loading=\"lazy\" decoding=\"async\" class=\"alignright size-medium wp-image-540\" src=\"https:\/\/www.proform.fr\/de\/wp-content\/uploads\/sites\/3\/2017\/03\/1-10-199x300.jpg\" alt=\"Verbindungen aus Edelstahl f\u00fcr alle industrielle Anwendungen\" width=\"199\" height=\"300\" srcset=\"https:\/\/www.proform.fr\/de\/wp-content\/uploads\/sites\/3\/2017\/03\/1-10-199x300.jpg 199w, https:\/\/www.proform.fr\/de\/wp-content\/uploads\/sites\/3\/2017\/03\/1-10-106x160.jpg 106w, https:\/\/www.proform.fr\/de\/wp-content\/uploads\/sites\/3\/2017\/03\/1-10.jpg 398w\" sizes=\"auto, (max-width: 199px) 100vw, 199px\" \/>[\/vc_column_text][\/vc_column][vc_column width=&#8220;2\/3&#8243;][vc_column_text]Wir sorgen f\u00fcr eine strenge \u00dcberwachung auf allen Ebenen :[\/vc_column_text][vc_row_inner][vc_column_inner width=&#8220;1\/2&#8243;][vc_column_text]\n<ul>\n<li>Identifizierung ab Produktionsbeginn :\n<ul>\n<li>Durchmesser, Wanddicke, Radius<\/li>\n<li>Edelstahlqualit\u00e4t<\/li>\n<li>Schmelznummer<\/li>\n<\/ul>\n<\/li>\n<\/ul>\n<ul>\n<li>Kontrollen :\n<ul>\n<li>Rauheit,<\/li>\n<li>Dimensionen,<\/li>\n<li>Spektrometrie,<\/li>\n<li>Endoskopie,<\/li>\n<li>MSP\/SPC,<\/li>\n<li>H\u00e4rte (Rockwell, Wickers)<\/li>\n<li>Bildgebung<\/li>\n<\/ul>\n<\/li>\n<\/ul>\n[\/vc_column_text][\/vc_column_inner][vc_column_inner width=&#8220;1\/2&#8243;][vc_column_text]\n<ul>\n<li>R\u00fcckverfolgbarkeit : Vormaterialatteste mit Bestellung geliefert \u2013 Werkspr\u00fcfzeugnisse f\u00fcr\u00a0:\n<ul>\n<li>Vormaterialzusammensetzung<\/li>\n<li>Mechanische Eingenschaften<\/li>\n<li>Durchgef\u00fchrte Kontrollen<\/li>\n<li>Produktkonformit\u00e4t<\/li>\n<\/ul>\n<\/li>\n<li>Konfigurationsmanagement<\/li>\n<\/ul>\n[\/vc_column_text][\/vc_column_inner][\/vc_row_inner][vc_single_image image=&#8220;541&#8243; img_size=&#8220;medium&#8220; alignment=&#8220;center&#8220;][\/vc_column][\/vc_row][vc_row][vc_column][vc_column_text]\n<h3>Bilder unserer Produkte : B\u00f6gen, Flansche, Caps, T-St\u00fccke, Reduktionen<\/h3>\n[\/vc_column_text][vc_media_grid element_width=&#8220;2&#8243; grid_id=&#8220;vc_gid:1644571580320-b39185ef-5dcc-10&#8243; include=&#8220;548,544,545,547,549,550&#8243;][\/vc_column][\/vc_row][vc_row][vc_column width=&#8220;1\/2&#8243;][vc_cta h2=&#8220;Standardteilekatalog&#8220; add_button=&#8220;right&#8220; btn_title=&#8220;Katalog&#8220; btn_color=&#8220;mulled-wine&#8220; btn_i_icon_fontawesome=&#8220;fa fa-file-text-o&#8220; btn_add_icon=&#8220;true&#8220; btn_link=&#8220;url:https%3A%2F%2Fwww.proform.fr%2Fcatalogue.html|||&#8220;]Schauen Sie sich unseren Katalog an<br \/>\n[\/vc_cta][\/vc_column][vc_column width=&#8220;1\/2&#8243;][vc_cta h2=&#8220;Kontakt&#8220; add_button=&#8220;right&#8220; btn_title=&#8220;Contact&#8220; btn_color=&#8220;mulled-wine&#8220; btn_i_icon_fontawesome=&#8220;fa fa-envelope-o&#8220; btn_add_icon=&#8220;true&#8220; btn_link=&#8220;url:https%3A%2F%2Fwww.proform.fr%2Fcontact.html|||&#8220;]Z\u00f6gern Sie nicht uns zu kontaktieren f\u00fcr ihre spezifischen Anfragen\u00a0![\/vc_cta][\/vc_column][\/vc_row]\n","protected":false},"excerpt":{"rendered":"<p>[vc_row][vc_column][vc_column_text] Fittings f\u00fcr alle Industriearten Gem\u00e4\u00df den geltenden internationalen Normen : EN10253-4, DIN11852, ASTM A403 &#8211; B16.9, ADW0 et ADW2 Proform produziert Fittings in Standardgr\u00f6\u00dfen und vertreibt sie an den Endanwendern, Ersteller und Werke \u00fcber ein weltweites Vertriebsnetzwerk. Unsere Rohrverbindungen, B\u00f6gen, T-St\u00fccke, Reduktionen, Flansche, B\u00f6rdel werden in jeder Art von Anlage, die einen Transport von&hellip;<\/p>\n","protected":false},"author":1,"featured_media":0,"parent":0,"menu_order":0,"comment_status":"closed","ping_status":"closed","template":"","meta":[],"class_list":["post-225","page","type-page","status-publish","hentry","description-off"],"yoast_head":"<!-- This site is optimized with the Yoast SEO plugin v26.7 - https:\/\/yoast.com\/wordpress\/plugins\/seo\/ -->\n<title>PROFORM<\/title>\n<meta name=\"description\" content=\"PROFORM\" \/>\n<meta name=\"robots\" content=\"noindex, follow\" \/>\n<meta property=\"og:locale\" content=\"de_DE\" \/>\n<meta property=\"og:type\" content=\"article\" \/>\n<meta property=\"og:title\" content=\"PROFORM\" \/>\n<meta property=\"og:description\" content=\"PROFORM\" \/>\n<meta property=\"og:url\" content=\"https:\/\/www.proform.fr\/de\/herstellung-schweissverbindungen-edelstahl.html\" \/>\n<meta property=\"og:site_name\" content=\"Proform DE\" \/>\n<meta property=\"article:modified_time\" content=\"2026-01-16T08:41:37+00:00\" \/>\n<meta property=\"og:image\" content=\"https:\/\/www.proform.fr\/de\/wp-content\/uploads\/sites\/3\/2017\/03\/1-11-scaled.jpg\" \/>\n\t<meta property=\"og:image:width\" content=\"2560\" \/>\n\t<meta property=\"og:image:height\" content=\"2253\" \/>\n\t<meta property=\"og:image:type\" content=\"image\/jpeg\" \/>\n<meta name=\"twitter:card\" content=\"summary_large_image\" \/>\n<meta name=\"twitter:label1\" content=\"Gesch\u00e4tzte Lesezeit\" \/>\n\t<meta name=\"twitter:data1\" content=\"3\u00a0Minuten\" \/>\n<script type=\"application\/ld+json\" class=\"yoast-schema-graph\">{\"@context\":\"https:\/\/schema.org\",\"@graph\":[{\"@type\":\"WebPage\",\"@id\":\"https:\/\/www.proform.fr\/de\/herstellung-schweissverbindungen-edelstahl.html\",\"url\":\"https:\/\/www.proform.fr\/de\/herstellung-schweissverbindungen-edelstahl.html\",\"name\":\"PROFORM\",\"isPartOf\":{\"@id\":\"https:\/\/www.proform.fr\/de\/#website\"},\"primaryImageOfPage\":{\"@id\":\"https:\/\/www.proform.fr\/de\/herstellung-schweissverbindungen-edelstahl.html#primaryimage\"},\"image\":{\"@id\":\"https:\/\/www.proform.fr\/de\/herstellung-schweissverbindungen-edelstahl.html#primaryimage\"},\"thumbnailUrl\":\"https:\/\/www.proform.fr\/de\/wp-content\/uploads\/sites\/3\/2017\/03\/1-11-300x264.jpg\",\"datePublished\":\"2017-03-07T08:06:40+00:00\",\"dateModified\":\"2026-01-16T08:41:37+00:00\",\"description\":\"PROFORM\",\"breadcrumb\":{\"@id\":\"https:\/\/www.proform.fr\/de\/herstellung-schweissverbindungen-edelstahl.html#breadcrumb\"},\"inLanguage\":\"de\",\"potentialAction\":[{\"@type\":\"ReadAction\",\"target\":[\"https:\/\/www.proform.fr\/de\/herstellung-schweissverbindungen-edelstahl.html\"]}]},{\"@type\":\"ImageObject\",\"inLanguage\":\"de\",\"@id\":\"https:\/\/www.proform.fr\/de\/herstellung-schweissverbindungen-edelstahl.html#primaryimage\",\"url\":\"https:\/\/www.proform.fr\/de\/wp-content\/uploads\/sites\/3\/2017\/03\/1-11-scaled.jpg\",\"contentUrl\":\"https:\/\/www.proform.fr\/de\/wp-content\/uploads\/sites\/3\/2017\/03\/1-11-scaled.jpg\",\"width\":2560,\"height\":2253},{\"@type\":\"BreadcrumbList\",\"@id\":\"https:\/\/www.proform.fr\/de\/herstellung-schweissverbindungen-edelstahl.html#breadcrumb\",\"itemListElement\":[{\"@type\":\"ListItem\",\"position\":1,\"name\":\"Accueil\",\"item\":\"https:\/\/www.proform.fr\/de\/\"},{\"@type\":\"ListItem\",\"position\":2,\"name\":\"Herstellung von Schwei\u00dfverbindungen aus Edelstahl\"}]},{\"@type\":\"WebSite\",\"@id\":\"https:\/\/www.proform.fr\/de\/#website\",\"url\":\"https:\/\/www.proform.fr\/de\/\",\"name\":\"Proform DE\",\"description\":\"Un site utilisant Les sites de Proform\",\"potentialAction\":[{\"@type\":\"SearchAction\",\"target\":{\"@type\":\"EntryPoint\",\"urlTemplate\":\"https:\/\/www.proform.fr\/de\/?s={search_term_string}\"},\"query-input\":{\"@type\":\"PropertyValueSpecification\",\"valueRequired\":true,\"valueName\":\"search_term_string\"}}],\"inLanguage\":\"de\"}]}<\/script>\n<!-- \/ Yoast SEO plugin. -->","yoast_head_json":{"title":"PROFORM","description":"PROFORM","robots":{"index":"noindex","follow":"follow"},"og_locale":"de_DE","og_type":"article","og_title":"PROFORM","og_description":"PROFORM","og_url":"https:\/\/www.proform.fr\/de\/herstellung-schweissverbindungen-edelstahl.html","og_site_name":"Proform DE","article_modified_time":"2026-01-16T08:41:37+00:00","og_image":[{"width":2560,"height":2253,"url":"https:\/\/www.proform.fr\/de\/wp-content\/uploads\/sites\/3\/2017\/03\/1-11-scaled.jpg","type":"image\/jpeg"}],"twitter_card":"summary_large_image","twitter_misc":{"Gesch\u00e4tzte Lesezeit":"3\u00a0Minuten"},"schema":{"@context":"https:\/\/schema.org","@graph":[{"@type":"WebPage","@id":"https:\/\/www.proform.fr\/de\/herstellung-schweissverbindungen-edelstahl.html","url":"https:\/\/www.proform.fr\/de\/herstellung-schweissverbindungen-edelstahl.html","name":"PROFORM","isPartOf":{"@id":"https:\/\/www.proform.fr\/de\/#website"},"primaryImageOfPage":{"@id":"https:\/\/www.proform.fr\/de\/herstellung-schweissverbindungen-edelstahl.html#primaryimage"},"image":{"@id":"https:\/\/www.proform.fr\/de\/herstellung-schweissverbindungen-edelstahl.html#primaryimage"},"thumbnailUrl":"https:\/\/www.proform.fr\/de\/wp-content\/uploads\/sites\/3\/2017\/03\/1-11-300x264.jpg","datePublished":"2017-03-07T08:06:40+00:00","dateModified":"2026-01-16T08:41:37+00:00","description":"PROFORM","breadcrumb":{"@id":"https:\/\/www.proform.fr\/de\/herstellung-schweissverbindungen-edelstahl.html#breadcrumb"},"inLanguage":"de","potentialAction":[{"@type":"ReadAction","target":["https:\/\/www.proform.fr\/de\/herstellung-schweissverbindungen-edelstahl.html"]}]},{"@type":"ImageObject","inLanguage":"de","@id":"https:\/\/www.proform.fr\/de\/herstellung-schweissverbindungen-edelstahl.html#primaryimage","url":"https:\/\/www.proform.fr\/de\/wp-content\/uploads\/sites\/3\/2017\/03\/1-11-scaled.jpg","contentUrl":"https:\/\/www.proform.fr\/de\/wp-content\/uploads\/sites\/3\/2017\/03\/1-11-scaled.jpg","width":2560,"height":2253},{"@type":"BreadcrumbList","@id":"https:\/\/www.proform.fr\/de\/herstellung-schweissverbindungen-edelstahl.html#breadcrumb","itemListElement":[{"@type":"ListItem","position":1,"name":"Accueil","item":"https:\/\/www.proform.fr\/de\/"},{"@type":"ListItem","position":2,"name":"Herstellung von Schwei\u00dfverbindungen aus Edelstahl"}]},{"@type":"WebSite","@id":"https:\/\/www.proform.fr\/de\/#website","url":"https:\/\/www.proform.fr\/de\/","name":"Proform DE","description":"Un site utilisant Les sites de Proform","potentialAction":[{"@type":"SearchAction","target":{"@type":"EntryPoint","urlTemplate":"https:\/\/www.proform.fr\/de\/?s={search_term_string}"},"query-input":{"@type":"PropertyValueSpecification","valueRequired":true,"valueName":"search_term_string"}}],"inLanguage":"de"}]}},"_links":{"self":[{"href":"https:\/\/www.proform.fr\/de\/wp-json\/wp\/v2\/pages\/225","targetHints":{"allow":["GET"]}}],"collection":[{"href":"https:\/\/www.proform.fr\/de\/wp-json\/wp\/v2\/pages"}],"about":[{"href":"https:\/\/www.proform.fr\/de\/wp-json\/wp\/v2\/types\/page"}],"author":[{"embeddable":true,"href":"https:\/\/www.proform.fr\/de\/wp-json\/wp\/v2\/users\/1"}],"replies":[{"embeddable":true,"href":"https:\/\/www.proform.fr\/de\/wp-json\/wp\/v2\/comments?post=225"}],"version-history":[{"count":10,"href":"https:\/\/www.proform.fr\/de\/wp-json\/wp\/v2\/pages\/225\/revisions"}],"predecessor-version":[{"id":851,"href":"https:\/\/www.proform.fr\/de\/wp-json\/wp\/v2\/pages\/225\/revisions\/851"}],"wp:attachment":[{"href":"https:\/\/www.proform.fr\/de\/wp-json\/wp\/v2\/media?parent=225"}],"curies":[{"name":"wp","href":"https:\/\/api.w.org\/{rel}","templated":true}]}}