{"id":233,"date":"2017-03-07T09:21:12","date_gmt":"2017-03-07T08:21:12","guid":{"rendered":"https:\/\/www.proform.fr\/?page_id=233"},"modified":"2026-01-16T09:28:38","modified_gmt":"2026-01-16T08:28:38","slug":"abteilung-eentwicklung-verfahren","status":"publish","type":"page","link":"https:\/\/www.proform.fr\/de\/abteilung-eentwicklung-verfahren.html","title":{"rendered":"Abteilung f\u00fcr Entwicklung und Verfahren"},"content":{"rendered":"[vc_row][vc_column][vc_column_text]\n<h2>Entwicklung von Teilen im Vorfeld<img loading=\"lazy\" decoding=\"async\" class=\"alignright size-medium wp-image-585\" src=\"https:\/\/www.proform.fr\/de\/wp-content\/uploads\/sites\/3\/2017\/08\/1-2-300x252.jpg\" alt=\"\" width=\"300\" height=\"252\" srcset=\"https:\/\/www.proform.fr\/de\/wp-content\/uploads\/sites\/3\/2017\/08\/1-2-300x252.jpg 300w, https:\/\/www.proform.fr\/de\/wp-content\/uploads\/sites\/3\/2017\/08\/1-2-1024x860.jpg 1024w, https:\/\/www.proform.fr\/de\/wp-content\/uploads\/sites\/3\/2017\/08\/1-2-768x645.jpg 768w, https:\/\/www.proform.fr\/de\/wp-content\/uploads\/sites\/3\/2017\/08\/1-2-106x89.jpg 106w, https:\/\/www.proform.fr\/de\/wp-content\/uploads\/sites\/3\/2017\/08\/1-2.jpg 1045w\" sizes=\"auto, (max-width: 300px) 100vw, 300px\" \/><\/h2>\n<p>Wir sind an Projekten mit hohen Herausforderungen hinsichtlich der Abmessungen geteiligt, und bieten Ihnen optimale Beratung und Projektbetreuung.<\/p>\n<p>Unser Projektb\u00fcro bestimmt die effizienteste Fertigungsmethode und sorgt f\u00fcr das Konfigurationsmanagement \u00fcber den gesamten Lebenszyklus des Produkts.<\/p>\n<p>&nbsp;<\/p>\n<h2>Intellektuelle Dienstleistung zur Entwicklung der Teile<\/h2>\n<ul>\n<li>Machbarkeitsstudie<\/li>\n<li>Prozessoptimierung<\/li>\n<li>Platzbedarf-Studie<\/li>\n<li>Optimierung der Schwei\u00dfstellen<\/li>\n<li>Optimierung der Bewegung der R\u00f6hre<\/li>\n<li>Studie der Einschr\u00e4nkungen bez\u00fcglich der Zahlr der B\u00f6gen und die Biegeradien<\/li>\n<\/ul>\n[\/vc_column_text][\/vc_column][\/vc_row][vc_row][vc_column width=&#8220;1\/4&#8243;][\/vc_column][vc_column width=&#8220;1\/2&#8243;][vc_cta h2=&#8220;Nehmen Sie mit uns Kontakt auf&#8220; add_button=&#8220;right&#8220; btn_title=&#8220;Kontakt&#8220; btn_color=&#8220;mulled-wine&#8220; btn_i_icon_fontawesome=&#8220;fa fa-envelope-o&#8220; btn_add_icon=&#8220;true&#8220; btn_link=&#8220;url:https%3A%2F%2Fwww.proform.fr%2Fde%2Fkontakt.html|||&#8220;]F\u00fcr alle Ihre Projekte bez\u00fcglich rohrf\u00f6rmige gebogene Teile, kontaktieren Sie uns\u00a0! Wir bringen Ihnen eine optimale und klare L\u00f6sung.[\/vc_cta][\/vc_column][vc_column width=&#8220;1\/4&#8243;][\/vc_column][\/vc_row]\n","protected":false},"excerpt":{"rendered":"<p>[vc_row][vc_column][vc_column_text] Entwicklung von Teilen im Vorfeld Wir sind an Projekten mit hohen Herausforderungen hinsichtlich der Abmessungen geteiligt, und bieten Ihnen optimale Beratung und Projektbetreuung. Unser Projektb\u00fcro bestimmt die effizienteste Fertigungsmethode und sorgt f\u00fcr das Konfigurationsmanagement \u00fcber den gesamten Lebenszyklus des Produkts. &nbsp; Intellektuelle Dienstleistung zur Entwicklung der Teile Machbarkeitsstudie Prozessoptimierung Platzbedarf-Studie Optimierung der Schwei\u00dfstellen Optimierung&hellip;<\/p>\n","protected":false},"author":1,"featured_media":0,"parent":0,"menu_order":0,"comment_status":"closed","ping_status":"closed","template":"","meta":[],"class_list":["post-233","page","type-page","status-publish","hentry","description-off"],"yoast_head":"<!-- This site is optimized with the Yoast SEO plugin v26.7 - https:\/\/yoast.com\/wordpress\/plugins\/seo\/ -->\n<title>PROFORM<\/title>\n<meta name=\"description\" content=\"PROFORM\" \/>\n<meta name=\"robots\" content=\"noindex, follow\" \/>\n<meta property=\"og:locale\" content=\"de_DE\" \/>\n<meta property=\"og:type\" content=\"article\" \/>\n<meta property=\"og:title\" content=\"PROFORM\" \/>\n<meta property=\"og:description\" content=\"PROFORM\" \/>\n<meta property=\"og:url\" content=\"https:\/\/www.proform.fr\/de\/abteilung-eentwicklung-verfahren.html\" \/>\n<meta property=\"og:site_name\" content=\"Proform DE\" \/>\n<meta property=\"article:modified_time\" content=\"2026-01-16T08:28:38+00:00\" \/>\n<meta property=\"og:image\" content=\"https:\/\/www.proform.fr\/de\/wp-content\/uploads\/sites\/3\/2017\/08\/1-2.jpg\" \/>\n\t<meta property=\"og:image:width\" content=\"1045\" \/>\n\t<meta property=\"og:image:height\" content=\"878\" \/>\n\t<meta property=\"og:image:type\" content=\"image\/jpeg\" \/>\n<meta name=\"twitter:card\" content=\"summary_large_image\" \/>\n<meta name=\"twitter:label1\" content=\"Gesch\u00e4tzte Lesezeit\" \/>\n\t<meta name=\"twitter:data1\" content=\"1\u00a0Minute\" \/>\n<script type=\"application\/ld+json\" class=\"yoast-schema-graph\">{\"@context\":\"https:\/\/schema.org\",\"@graph\":[{\"@type\":\"WebPage\",\"@id\":\"https:\/\/www.proform.fr\/de\/abteilung-eentwicklung-verfahren.html\",\"url\":\"https:\/\/www.proform.fr\/de\/abteilung-eentwicklung-verfahren.html\",\"name\":\"PROFORM\",\"isPartOf\":{\"@id\":\"https:\/\/www.proform.fr\/de\/#website\"},\"primaryImageOfPage\":{\"@id\":\"https:\/\/www.proform.fr\/de\/abteilung-eentwicklung-verfahren.html#primaryimage\"},\"image\":{\"@id\":\"https:\/\/www.proform.fr\/de\/abteilung-eentwicklung-verfahren.html#primaryimage\"},\"thumbnailUrl\":\"https:\/\/www.proform.fr\/de\/wp-content\/uploads\/sites\/3\/2017\/08\/1-2-300x252.jpg\",\"datePublished\":\"2017-03-07T08:21:12+00:00\",\"dateModified\":\"2026-01-16T08:28:38+00:00\",\"description\":\"PROFORM\",\"breadcrumb\":{\"@id\":\"https:\/\/www.proform.fr\/de\/abteilung-eentwicklung-verfahren.html#breadcrumb\"},\"inLanguage\":\"de\",\"potentialAction\":[{\"@type\":\"ReadAction\",\"target\":[\"https:\/\/www.proform.fr\/de\/abteilung-eentwicklung-verfahren.html\"]}]},{\"@type\":\"ImageObject\",\"inLanguage\":\"de\",\"@id\":\"https:\/\/www.proform.fr\/de\/abteilung-eentwicklung-verfahren.html#primaryimage\",\"url\":\"https:\/\/www.proform.fr\/de\/wp-content\/uploads\/sites\/3\/2017\/08\/1-2.jpg\",\"contentUrl\":\"https:\/\/www.proform.fr\/de\/wp-content\/uploads\/sites\/3\/2017\/08\/1-2.jpg\",\"width\":1045,\"height\":878},{\"@type\":\"BreadcrumbList\",\"@id\":\"https:\/\/www.proform.fr\/de\/abteilung-eentwicklung-verfahren.html#breadcrumb\",\"itemListElement\":[{\"@type\":\"ListItem\",\"position\":1,\"name\":\"Accueil\",\"item\":\"https:\/\/www.proform.fr\/de\/\"},{\"@type\":\"ListItem\",\"position\":2,\"name\":\"Abteilung f\u00fcr Entwicklung und Verfahren\"}]},{\"@type\":\"WebSite\",\"@id\":\"https:\/\/www.proform.fr\/de\/#website\",\"url\":\"https:\/\/www.proform.fr\/de\/\",\"name\":\"Proform DE\",\"description\":\"Un site utilisant Les sites de Proform\",\"potentialAction\":[{\"@type\":\"SearchAction\",\"target\":{\"@type\":\"EntryPoint\",\"urlTemplate\":\"https:\/\/www.proform.fr\/de\/?s={search_term_string}\"},\"query-input\":{\"@type\":\"PropertyValueSpecification\",\"valueRequired\":true,\"valueName\":\"search_term_string\"}}],\"inLanguage\":\"de\"}]}<\/script>\n<!-- \/ Yoast SEO plugin. -->","yoast_head_json":{"title":"PROFORM","description":"PROFORM","robots":{"index":"noindex","follow":"follow"},"og_locale":"de_DE","og_type":"article","og_title":"PROFORM","og_description":"PROFORM","og_url":"https:\/\/www.proform.fr\/de\/abteilung-eentwicklung-verfahren.html","og_site_name":"Proform DE","article_modified_time":"2026-01-16T08:28:38+00:00","og_image":[{"width":1045,"height":878,"url":"https:\/\/www.proform.fr\/de\/wp-content\/uploads\/sites\/3\/2017\/08\/1-2.jpg","type":"image\/jpeg"}],"twitter_card":"summary_large_image","twitter_misc":{"Gesch\u00e4tzte Lesezeit":"1\u00a0Minute"},"schema":{"@context":"https:\/\/schema.org","@graph":[{"@type":"WebPage","@id":"https:\/\/www.proform.fr\/de\/abteilung-eentwicklung-verfahren.html","url":"https:\/\/www.proform.fr\/de\/abteilung-eentwicklung-verfahren.html","name":"PROFORM","isPartOf":{"@id":"https:\/\/www.proform.fr\/de\/#website"},"primaryImageOfPage":{"@id":"https:\/\/www.proform.fr\/de\/abteilung-eentwicklung-verfahren.html#primaryimage"},"image":{"@id":"https:\/\/www.proform.fr\/de\/abteilung-eentwicklung-verfahren.html#primaryimage"},"thumbnailUrl":"https:\/\/www.proform.fr\/de\/wp-content\/uploads\/sites\/3\/2017\/08\/1-2-300x252.jpg","datePublished":"2017-03-07T08:21:12+00:00","dateModified":"2026-01-16T08:28:38+00:00","description":"PROFORM","breadcrumb":{"@id":"https:\/\/www.proform.fr\/de\/abteilung-eentwicklung-verfahren.html#breadcrumb"},"inLanguage":"de","potentialAction":[{"@type":"ReadAction","target":["https:\/\/www.proform.fr\/de\/abteilung-eentwicklung-verfahren.html"]}]},{"@type":"ImageObject","inLanguage":"de","@id":"https:\/\/www.proform.fr\/de\/abteilung-eentwicklung-verfahren.html#primaryimage","url":"https:\/\/www.proform.fr\/de\/wp-content\/uploads\/sites\/3\/2017\/08\/1-2.jpg","contentUrl":"https:\/\/www.proform.fr\/de\/wp-content\/uploads\/sites\/3\/2017\/08\/1-2.jpg","width":1045,"height":878},{"@type":"BreadcrumbList","@id":"https:\/\/www.proform.fr\/de\/abteilung-eentwicklung-verfahren.html#breadcrumb","itemListElement":[{"@type":"ListItem","position":1,"name":"Accueil","item":"https:\/\/www.proform.fr\/de\/"},{"@type":"ListItem","position":2,"name":"Abteilung f\u00fcr Entwicklung und Verfahren"}]},{"@type":"WebSite","@id":"https:\/\/www.proform.fr\/de\/#website","url":"https:\/\/www.proform.fr\/de\/","name":"Proform DE","description":"Un site utilisant Les sites de Proform","potentialAction":[{"@type":"SearchAction","target":{"@type":"EntryPoint","urlTemplate":"https:\/\/www.proform.fr\/de\/?s={search_term_string}"},"query-input":{"@type":"PropertyValueSpecification","valueRequired":true,"valueName":"search_term_string"}}],"inLanguage":"de"}]}},"_links":{"self":[{"href":"https:\/\/www.proform.fr\/de\/wp-json\/wp\/v2\/pages\/233","targetHints":{"allow":["GET"]}}],"collection":[{"href":"https:\/\/www.proform.fr\/de\/wp-json\/wp\/v2\/pages"}],"about":[{"href":"https:\/\/www.proform.fr\/de\/wp-json\/wp\/v2\/types\/page"}],"author":[{"embeddable":true,"href":"https:\/\/www.proform.fr\/de\/wp-json\/wp\/v2\/users\/1"}],"replies":[{"embeddable":true,"href":"https:\/\/www.proform.fr\/de\/wp-json\/wp\/v2\/comments?post=233"}],"version-history":[{"count":6,"href":"https:\/\/www.proform.fr\/de\/wp-json\/wp\/v2\/pages\/233\/revisions"}],"predecessor-version":[{"id":624,"href":"https:\/\/www.proform.fr\/de\/wp-json\/wp\/v2\/pages\/233\/revisions\/624"}],"wp:attachment":[{"href":"https:\/\/www.proform.fr\/de\/wp-json\/wp\/v2\/media?parent=233"}],"curies":[{"name":"wp","href":"https:\/\/api.w.org\/{rel}","templated":true}]}}