{"id":249,"date":"2017-03-07T15:41:23","date_gmt":"2017-03-07T14:41:23","guid":{"rendered":"https:\/\/www.proform.fr\/?page_id=249"},"modified":"2026-01-16T09:41:59","modified_gmt":"2026-01-16T08:41:59","slug":"fabrication-pieces-aeronautiques","status":"publish","type":"page","link":"https:\/\/www.proform.fr\/de\/fabrication-pieces-aeronautiques.html","title":{"rendered":"Herstellung von Teilen f\u00fcr die Luft- und Raumfahrtindustrie"},"content":{"rendered":"[vc_row][vc_column][vc_column_text]Wir sind seit \u00fcber 40 Jahren im Luftfahrtbereich t\u00e4tig, mit der Herstellung von starren Rohrsystemen und Leitungbaus\u00e4tze, einschlie\u00dflich das Biegen, die Bearbeitung, das Rollen, der Montage, das Schwei\u00dfen und Glattstreichen von Komponenten:<\/p>\n<ul>\n<li>Gebogene Komponenten : 1D, 1.5D, 2D, 3D und gro\u00dfe Radien, Durchmesser 6 mm bis 189 mm<\/li>\n<li>Rohrstutzen (piping, ducting) f\u00fcr die europ\u00e4ischen Verkehrsflugzeuge<\/li>\n<li>Motorteile f\u00fcr die europ\u00e4ische Raumfahrtindustrie<\/li>\n<li>Rohrsysteme f\u00fcr die private Luftfahrt<\/li>\n<\/ul>\n<p>Hauptanwendungen:<\/p>\n<ul>\n<li>Air Management Systeme<\/li>\n<li>Fluid Systems (Treibstoff, Hydraulik)<\/li>\n<\/ul>\n<p>Unsere Organisation, Qualifikationen, Zulassungen, und Produktionskapazit\u00e4t erm\u00f6glichen uns, alle Ihre Anfragen zu beantworten und die Produktionen von Ihren Biege- und Schwei\u00dfwerkst\u00e4tten zu sichern.<\/p>\n<p>Unsere Teams von Dreher\/Schwei\u00dfer sind gem\u00e4\u00df dem Standard AIR 0191 und ISO 24394 qualifiziert.[\/vc_column_text][vc_empty_space][vc_btn title=&#8220;Faltblatt Teile nach Plan&#8220; align=&#8220;center&#8220; i_icon_fontawesome=&#8220;fa fa-file-pdf-o&#8220; add_icon=&#8220;true&#8220; link=&#8220;url:https%3A%2F%2Fwww.proform.fr%2Fwp-content%2Fuploads%2F2018%2F09%2FPlaquette-sp%C3%A9cial-2018-web.pdf||target:%20_blank|&#8220;][vc_empty_space][vc_column_text]\n<h2>Unsere St\u00e4rken f\u00fcr die Luft- und Raumfahrtindustrie<\/h2>\n<p>Unser Qualit\u00e4tsniveau ist weltweit anerkannt und kann sich auf in der Luftfahrtindustrie wertvollen Zertifizierungen und Zulassungen verlassen:<\/p>\n<ul>\n<li><a href=\"https:\/\/www.proform.fr\/en\/wp-content\/uploads\/sites\/2\/2023\/01\/QMS-CERTIFICATE-9001-ENGUS-COFRAC.pdf\"> ISO 9001:2015<\/a><img loading=\"lazy\" decoding=\"async\" class=\"alignright size-medium wp-image-555\" src=\"https:\/\/www.proform.fr\/de\/wp-content\/uploads\/sites\/3\/2017\/03\/1-7-300x225.jpg\" alt=\"Herstellung von Teilen f\u00fcr die Luft- und Raumfahrtindustrie\" width=\"300\" height=\"225\" srcset=\"https:\/\/www.proform.fr\/de\/wp-content\/uploads\/sites\/3\/2017\/03\/1-7-300x225.jpg 300w, https:\/\/www.proform.fr\/de\/wp-content\/uploads\/sites\/3\/2017\/03\/1-7-768x576.jpg 768w, https:\/\/www.proform.fr\/de\/wp-content\/uploads\/sites\/3\/2017\/03\/1-7-106x80.jpg 106w, https:\/\/www.proform.fr\/de\/wp-content\/uploads\/sites\/3\/2017\/03\/1-7.jpg 1024w\" sizes=\"auto, (max-width: 300px) 100vw, 300px\" \/><\/li>\n<li><a href=\"https:\/\/www.proform.fr\/en\/wp-content\/uploads\/sites\/2\/2023\/01\/QMS-CERTIFICATE-AS9100-ENGUS-COFRAC.pdf\" target=\"_blank\" rel=\"noopener noreferrer\"> EN 9100:2016<\/a><\/li>\n<li><a href=\"https:\/\/www.proform.fr\/en\/wp-content\/uploads\/sites\/2\/2023\/08\/Proform_Certificate-Nadcap-NonDestructive-Testing.pdf\" target=\"_blank\" rel=\"noopener noreferrer\"> Nadcap Eindringspr\u00fcfung<\/a><\/li>\n<li><a href=\"https:\/\/www.proform.fr\/en\/wp-content\/uploads\/sites\/2\/2022\/06\/NadcapSoudage2022-2024.pdf\" target=\"_blank\" rel=\"noopener noreferrer\"><i class=\"vc_btn3-icon fa fa-file-text-o\"><\/i> Nadcap Schwei\u00dfen<\/a><\/li>\n<li><a href=\"\/wp-content\/uploads\/2017\/07\/Qualification-Airbus.pdf\" target=\"_blank\" rel=\"noopener noreferrer\"><i class=\"vc_btn3-icon fa fa-file-text-o\"><\/i> Airbus Zertifizierung<\/a><\/li>\n<\/ul>\n<p>Wir garantieren eine gleichbleibende hohe Qualit\u00e4t, Garant von Zuverl\u00e4ssigkeit f\u00fcr unsere Partner, unter Anwendung von bew\u00e4hrten Pr\u00fcfungsmethoden: Druckpr\u00fcfungen, Radiographie, Fluoreszierende Eindringspr\u00fcfung, Ma\u00dfpr\u00fcfung, Kontrolle der Sauberkeit.<\/p>\n<p>Unsere technologische Innovationsf\u00e4higkeit und die Begleitung, die wir auch w\u00e4hrend der Produktentwicklung anbieten, sind wertvolle Vorteile.[\/vc_column_text][vc_row_inner css=&#8220;.vc_custom_1500532375173{margin-top: 5px !important;margin-bottom: 15px !important;border-top-width: 1px !important;border-right-width: 1px !important;border-bottom-width: 1px !important;border-left-width: 1px !important;padding-top: 5px !important;padding-bottom: 5px !important;border-left-color: #003da5 !important;border-left-style: solid !important;border-right-color: #003da5 !important;border-right-style: solid !important;border-top-color: #003da5 !important;border-top-style: solid !important;border-bottom-color: #003da5 !important;border-bottom-style: solid !important;border-radius: 5px !important;}&#8220;][vc_column_inner width=&#8220;1\/4&#8243;][vc_single_image image=&#8220;556&#8243; img_size=&#8220;58&#215;80&#8243; alignment=&#8220;center&#8220; onclick=&#8220;custom_link&#8220; img_link_target=&#8220;_blank&#8220; link=&#8220;https:\/\/www.gifas.asso.fr\/&#8220;][\/vc_column_inner][vc_column_inner width=&#8220;3\/4&#8243;][vc_column_text]<span style=\"font-size: 1.3em;\">Proform ist Mitglied des <a href=\"https:\/\/www.gifas.asso.fr\/\" target=\"_blank\" rel=\"noopener noreferrer\">GIFAS<\/a><\/span>[\/vc_column_text][\/vc_column_inner][\/vc_row_inner][vc_column_text]\n<h2>Gemeinsame Entwicklung von Rohrsystemen f\u00fcr die Luftfahrtindustrie<\/h2>\n<p>Durch unsere Beherrschung der Stahlverformung k\u00f6nnen wir Sie vor der Entwicklung von Komponenten unterst\u00fctzen, um eine Optimierung des Endproduktes zu erreichen.[\/vc_column_text][vc_column_text]\n<h2>Zur Herstellung von Komponenten f\u00fcr die Luftfahrtindustrie verwendeten Werkstoffe<\/h2>\n<p>Wir beherrschen alle Verformungstechnologien, je nach Endnutzungsbedingungen und Einschr\u00e4nkungen bez\u00fcglich der Legierung :<\/p>\n<ul>\n<li>Inox,<\/li>\n<li>Titan,<\/li>\n<li>Aluminium,<\/li>\n<li>Inconel\u00a9<\/li>\n<\/ul>\n[\/vc_column_text][\/vc_column][\/vc_row][vc_row][vc_column width=&#8220;1\/2&#8243;][vc_custom_heading text=&#8220;Unsere St\u00e4rke : Ihnen eine Komplettl\u00f6sung bringen, von Entwicklung bis Fertigung.&#8220; font_container=&#8220;tag:p|font_size:24px|text_align:center|color:%23003da5|line_height:32px&#8220; use_theme_fonts=&#8220;yes&#8220; css_animation=&#8220;none&#8220; css=&#8220;.vc_custom_1504173728762{padding-top: 15px !important;padding-right: 15px !important;padding-bottom: 15px !important;padding-left: 15px !important;background-color: rgba(188,188,188,0.45) !important;*background-color: rgb(188,188,188) !important;border-radius: 15px !important;}&#8220;][\/vc_column][vc_column width=&#8220;1\/2&#8243;][vc_cta h2=&#8220;Kontakt&#8220; add_button=&#8220;right&#8220; btn_title=&#8220;Kontakt&#8220; btn_color=&#8220;mulled-wine&#8220; btn_i_icon_fontawesome=&#8220;fa fa-envelope-o&#8220; btn_add_icon=&#8220;true&#8220; btn_link=&#8220;url:https%3A%2F%2Fwww.proform.fr%2Fde%2Fkontakt.html|||&#8220;]F\u00fcr Ihre Luftfahrt-Bauteile, von entwicklung bis Fertigung, einschlie\u00dflich Outsourcing, ist Proform Ihr Anspr\u00e4chspartner.[\/vc_cta][\/vc_column][\/vc_row]\n","protected":false},"excerpt":{"rendered":"<p>[vc_row][vc_column][vc_column_text]Wir sind seit \u00fcber 40 Jahren im Luftfahrtbereich t\u00e4tig, mit der Herstellung von starren Rohrsystemen und Leitungbaus\u00e4tze, einschlie\u00dflich das Biegen, die Bearbeitung, das Rollen, der Montage, das Schwei\u00dfen und Glattstreichen von Komponenten: Gebogene Komponenten : 1D, 1.5D, 2D, 3D und gro\u00dfe Radien, Durchmesser 6 mm bis 189 mm Rohrstutzen (piping, ducting) f\u00fcr die europ\u00e4ischen Verkehrsflugzeuge&hellip;<\/p>\n","protected":false},"author":1,"featured_media":0,"parent":0,"menu_order":0,"comment_status":"closed","ping_status":"closed","template":"","meta":[],"class_list":["post-249","page","type-page","status-publish","hentry","description-off"],"yoast_head":"<!-- This site is optimized with the Yoast SEO plugin v26.7 - https:\/\/yoast.com\/wordpress\/plugins\/seo\/ -->\n<title>PROFORM<\/title>\n<meta name=\"description\" content=\"PROFORM\" \/>\n<meta name=\"robots\" content=\"noindex, follow\" \/>\n<meta property=\"og:locale\" content=\"de_DE\" \/>\n<meta property=\"og:type\" content=\"article\" \/>\n<meta property=\"og:title\" content=\"PROFORM\" \/>\n<meta property=\"og:description\" content=\"PROFORM\" \/>\n<meta property=\"og:url\" content=\"https:\/\/www.proform.fr\/de\/fabrication-pieces-aeronautiques.html\" \/>\n<meta property=\"og:site_name\" content=\"Proform DE\" \/>\n<meta property=\"article:modified_time\" content=\"2026-01-16T08:41:59+00:00\" \/>\n<meta property=\"og:image\" content=\"https:\/\/www.proform.fr\/de\/wp-content\/uploads\/sites\/3\/2017\/03\/1-7.jpg\" \/>\n\t<meta property=\"og:image:width\" content=\"1024\" \/>\n\t<meta property=\"og:image:height\" content=\"768\" \/>\n\t<meta property=\"og:image:type\" content=\"image\/jpeg\" \/>\n<meta name=\"twitter:card\" content=\"summary_large_image\" \/>\n<meta name=\"twitter:label1\" content=\"Gesch\u00e4tzte Lesezeit\" \/>\n\t<meta name=\"twitter:data1\" content=\"3\u00a0Minuten\" \/>\n<script type=\"application\/ld+json\" class=\"yoast-schema-graph\">{\"@context\":\"https:\/\/schema.org\",\"@graph\":[{\"@type\":\"WebPage\",\"@id\":\"https:\/\/www.proform.fr\/de\/fabrication-pieces-aeronautiques.html\",\"url\":\"https:\/\/www.proform.fr\/de\/fabrication-pieces-aeronautiques.html\",\"name\":\"PROFORM\",\"isPartOf\":{\"@id\":\"https:\/\/www.proform.fr\/de\/#website\"},\"primaryImageOfPage\":{\"@id\":\"https:\/\/www.proform.fr\/de\/fabrication-pieces-aeronautiques.html#primaryimage\"},\"image\":{\"@id\":\"https:\/\/www.proform.fr\/de\/fabrication-pieces-aeronautiques.html#primaryimage\"},\"thumbnailUrl\":\"https:\/\/www.proform.fr\/de\/wp-content\/uploads\/sites\/3\/2017\/03\/1-7-300x225.jpg\",\"datePublished\":\"2017-03-07T14:41:23+00:00\",\"dateModified\":\"2026-01-16T08:41:59+00:00\",\"description\":\"PROFORM\",\"breadcrumb\":{\"@id\":\"https:\/\/www.proform.fr\/de\/fabrication-pieces-aeronautiques.html#breadcrumb\"},\"inLanguage\":\"de\",\"potentialAction\":[{\"@type\":\"ReadAction\",\"target\":[\"https:\/\/www.proform.fr\/de\/fabrication-pieces-aeronautiques.html\"]}]},{\"@type\":\"ImageObject\",\"inLanguage\":\"de\",\"@id\":\"https:\/\/www.proform.fr\/de\/fabrication-pieces-aeronautiques.html#primaryimage\",\"url\":\"https:\/\/www.proform.fr\/de\/wp-content\/uploads\/sites\/3\/2017\/03\/1-7.jpg\",\"contentUrl\":\"https:\/\/www.proform.fr\/de\/wp-content\/uploads\/sites\/3\/2017\/03\/1-7.jpg\",\"width\":1024,\"height\":768},{\"@type\":\"BreadcrumbList\",\"@id\":\"https:\/\/www.proform.fr\/de\/fabrication-pieces-aeronautiques.html#breadcrumb\",\"itemListElement\":[{\"@type\":\"ListItem\",\"position\":1,\"name\":\"Accueil\",\"item\":\"https:\/\/www.proform.fr\/de\/\"},{\"@type\":\"ListItem\",\"position\":2,\"name\":\"Herstellung von Teilen f\u00fcr die Luft- und Raumfahrtindustrie\"}]},{\"@type\":\"WebSite\",\"@id\":\"https:\/\/www.proform.fr\/de\/#website\",\"url\":\"https:\/\/www.proform.fr\/de\/\",\"name\":\"Proform DE\",\"description\":\"Un site utilisant Les sites de Proform\",\"potentialAction\":[{\"@type\":\"SearchAction\",\"target\":{\"@type\":\"EntryPoint\",\"urlTemplate\":\"https:\/\/www.proform.fr\/de\/?s={search_term_string}\"},\"query-input\":{\"@type\":\"PropertyValueSpecification\",\"valueRequired\":true,\"valueName\":\"search_term_string\"}}],\"inLanguage\":\"de\"}]}<\/script>\n<!-- \/ Yoast SEO plugin. -->","yoast_head_json":{"title":"PROFORM","description":"PROFORM","robots":{"index":"noindex","follow":"follow"},"og_locale":"de_DE","og_type":"article","og_title":"PROFORM","og_description":"PROFORM","og_url":"https:\/\/www.proform.fr\/de\/fabrication-pieces-aeronautiques.html","og_site_name":"Proform DE","article_modified_time":"2026-01-16T08:41:59+00:00","og_image":[{"width":1024,"height":768,"url":"https:\/\/www.proform.fr\/de\/wp-content\/uploads\/sites\/3\/2017\/03\/1-7.jpg","type":"image\/jpeg"}],"twitter_card":"summary_large_image","twitter_misc":{"Gesch\u00e4tzte Lesezeit":"3\u00a0Minuten"},"schema":{"@context":"https:\/\/schema.org","@graph":[{"@type":"WebPage","@id":"https:\/\/www.proform.fr\/de\/fabrication-pieces-aeronautiques.html","url":"https:\/\/www.proform.fr\/de\/fabrication-pieces-aeronautiques.html","name":"PROFORM","isPartOf":{"@id":"https:\/\/www.proform.fr\/de\/#website"},"primaryImageOfPage":{"@id":"https:\/\/www.proform.fr\/de\/fabrication-pieces-aeronautiques.html#primaryimage"},"image":{"@id":"https:\/\/www.proform.fr\/de\/fabrication-pieces-aeronautiques.html#primaryimage"},"thumbnailUrl":"https:\/\/www.proform.fr\/de\/wp-content\/uploads\/sites\/3\/2017\/03\/1-7-300x225.jpg","datePublished":"2017-03-07T14:41:23+00:00","dateModified":"2026-01-16T08:41:59+00:00","description":"PROFORM","breadcrumb":{"@id":"https:\/\/www.proform.fr\/de\/fabrication-pieces-aeronautiques.html#breadcrumb"},"inLanguage":"de","potentialAction":[{"@type":"ReadAction","target":["https:\/\/www.proform.fr\/de\/fabrication-pieces-aeronautiques.html"]}]},{"@type":"ImageObject","inLanguage":"de","@id":"https:\/\/www.proform.fr\/de\/fabrication-pieces-aeronautiques.html#primaryimage","url":"https:\/\/www.proform.fr\/de\/wp-content\/uploads\/sites\/3\/2017\/03\/1-7.jpg","contentUrl":"https:\/\/www.proform.fr\/de\/wp-content\/uploads\/sites\/3\/2017\/03\/1-7.jpg","width":1024,"height":768},{"@type":"BreadcrumbList","@id":"https:\/\/www.proform.fr\/de\/fabrication-pieces-aeronautiques.html#breadcrumb","itemListElement":[{"@type":"ListItem","position":1,"name":"Accueil","item":"https:\/\/www.proform.fr\/de\/"},{"@type":"ListItem","position":2,"name":"Herstellung von Teilen f\u00fcr die Luft- und Raumfahrtindustrie"}]},{"@type":"WebSite","@id":"https:\/\/www.proform.fr\/de\/#website","url":"https:\/\/www.proform.fr\/de\/","name":"Proform DE","description":"Un site utilisant Les sites de Proform","potentialAction":[{"@type":"SearchAction","target":{"@type":"EntryPoint","urlTemplate":"https:\/\/www.proform.fr\/de\/?s={search_term_string}"},"query-input":{"@type":"PropertyValueSpecification","valueRequired":true,"valueName":"search_term_string"}}],"inLanguage":"de"}]}},"_links":{"self":[{"href":"https:\/\/www.proform.fr\/de\/wp-json\/wp\/v2\/pages\/249","targetHints":{"allow":["GET"]}}],"collection":[{"href":"https:\/\/www.proform.fr\/de\/wp-json\/wp\/v2\/pages"}],"about":[{"href":"https:\/\/www.proform.fr\/de\/wp-json\/wp\/v2\/types\/page"}],"author":[{"embeddable":true,"href":"https:\/\/www.proform.fr\/de\/wp-json\/wp\/v2\/users\/1"}],"replies":[{"embeddable":true,"href":"https:\/\/www.proform.fr\/de\/wp-json\/wp\/v2\/comments?post=249"}],"version-history":[{"count":9,"href":"https:\/\/www.proform.fr\/de\/wp-json\/wp\/v2\/pages\/249\/revisions"}],"predecessor-version":[{"id":853,"href":"https:\/\/www.proform.fr\/de\/wp-json\/wp\/v2\/pages\/249\/revisions\/853"}],"wp:attachment":[{"href":"https:\/\/www.proform.fr\/de\/wp-json\/wp\/v2\/media?parent=249"}],"curies":[{"name":"wp","href":"https:\/\/api.w.org\/{rel}","templated":true}]}}