{"id":252,"date":"2017-03-07T15:57:51","date_gmt":"2017-03-07T14:57:51","guid":{"rendered":"https:\/\/www.proform.fr\/?page_id=252"},"modified":"2026-01-16T09:41:44","modified_gmt":"2026-01-16T08:41:44","slug":"herstellung-teilen-automobilindustrie","status":"publish","type":"page","link":"https:\/\/www.proform.fr\/de\/herstellung-teilen-automobilindustrie.html","title":{"rendered":"Herstellung von Teilen f\u00fcr die Automobilindustrie"},"content":{"rendered":"[vc_row][vc_column][vc_column_text]Wir sind als Automibilzulieferer gelistet, eine Branche die f\u00fcr ihre \u00e4usserst hohen Qualit\u00e4tsanspr\u00fcche bekannt ist<strong>. <\/strong><b>Unsere Organisation erm\u00f6glicht uns, Qualit\u00e4t und Leistung auch f\u00fcr gro\u00dfe Fertigungsserien zu garantieren.<\/b><\/p>\n<p>&nbsp;<\/p>\n<h2>Komponenten f\u00fcr Automobilanwendungen<\/h2>\n<p>Das Know-how von Proform, neben das Biegen und die Formgebung, umfasst Rohrbearbeitungen, das Schrauben, B\u00f6rdeln und Schwei\u00dfen. Diese Techniken erlauben die Herstellung von Fahrzeugkomponenten f\u00fcr folgende Anwendungen:<\/p>\n<ul>\n<li>K\u00fchlkreisl\u00e4ufe<\/li>\n<li>Kraftstoffsysteme<\/li>\n<li>Katalytische Auspuffanlagen<\/li>\n<li>Anschl\u00fcsse f\u00fcr Partikelfiltern<\/li>\n<li>Kupplungen und hydraulische Bremsen<\/li>\n<li>Servolenkungsanlagen<\/li>\n<li>\u2026<\/li>\n<\/ul>\n[\/vc_column_text][vc_empty_space][vc_btn title=&#8220;Faltblatt Teile nach Plan&#8220; align=&#8220;center&#8220; i_icon_fontawesome=&#8220;fa fa-file-pdf-o&#8220; add_icon=&#8220;true&#8220; link=&#8220;url:https%3A%2F%2Fwww.proform.fr%2Fwp-content%2Fuploads%2F2018%2F09%2FPlaquette-sp%C3%A9cial-2018-web.pdf||target:%20_blank|&#8220;][vc_empty_space][vc_column_text]\n<h2>Biegen und Montage von Teilen f\u00fcr die Automobilindustrie<\/h2>\n<p>Die f\u00fchrenden Automobilhersteller haben uns Ihr Vertrauen durch nahmhaften Automobilausr\u00fcstern gew\u00e4hrt.<br \/>\nUnsere zu der Automobilindustrie angemessene Organisation erlaubt uns, eine gleichbleibende und kosteng\u00fcnstige Qualit\u00e4t in unseren in Frankreich und <a href=\"https:\/\/www.youtube.com\/watch?v=AKLTJ2EE5mY\" target=\"_blank\" rel=\"noopener noreferrer\">Tunesien<\/a> niedergelassenen Produktionsst\u00e4tten zu garantieren.[\/vc_column_text][\/vc_column][\/vc_row][vc_row][vc_column width=&#8220;1\/4&#8243;][\/vc_column][vc_column width=&#8220;1\/2&#8243;][vc_cta h2=&#8220;Kontakt&#8220; add_button=&#8220;right&#8220; btn_title=&#8220;Kontakt&#8220; btn_color=&#8220;mulled-wine&#8220; btn_i_icon_fontawesome=&#8220;fa fa-envelope-o&#8220; btn_add_icon=&#8220;true&#8220; btn_link=&#8220;url:https%3A%2F%2Fwww.proform.fr%2Fde%2Fkontakt.html|||&#8220;]F\u00fcr die gemeinsame Entwicklung Ihrer Teile, das Biegen und Montage Ihrer R\u00f6hre, eine Machbarkeitsstudie und Herstellung Ihrer Teile\u00a0: kontaktieren Sie uns[\/vc_cta][\/vc_column][vc_column width=&#8220;1\/4&#8243;][\/vc_column][\/vc_row]\n","protected":false},"excerpt":{"rendered":"<p>[vc_row][vc_column][vc_column_text]Wir sind als Automibilzulieferer gelistet, eine Branche die f\u00fcr ihre \u00e4usserst hohen Qualit\u00e4tsanspr\u00fcche bekannt ist. Unsere Organisation erm\u00f6glicht uns, Qualit\u00e4t und Leistung auch f\u00fcr gro\u00dfe Fertigungsserien zu garantieren. &nbsp; Komponenten f\u00fcr Automobilanwendungen Das Know-how von Proform, neben das Biegen und die Formgebung, umfasst Rohrbearbeitungen, das Schrauben, B\u00f6rdeln und Schwei\u00dfen. Diese Techniken erlauben die Herstellung von&hellip;<\/p>\n","protected":false},"author":1,"featured_media":0,"parent":0,"menu_order":0,"comment_status":"closed","ping_status":"closed","template":"","meta":[],"class_list":["post-252","page","type-page","status-publish","hentry","description-off"],"yoast_head":"<!-- This site is optimized with the Yoast SEO plugin v26.7 - https:\/\/yoast.com\/wordpress\/plugins\/seo\/ -->\n<title>PROFORM<\/title>\n<meta name=\"description\" content=\"PROFORM\" \/>\n<meta name=\"robots\" content=\"noindex, follow\" \/>\n<meta property=\"og:locale\" content=\"de_DE\" \/>\n<meta property=\"og:type\" content=\"article\" \/>\n<meta property=\"og:title\" content=\"PROFORM\" \/>\n<meta property=\"og:description\" content=\"PROFORM\" \/>\n<meta property=\"og:url\" content=\"https:\/\/www.proform.fr\/de\/herstellung-teilen-automobilindustrie.html\" \/>\n<meta property=\"og:site_name\" content=\"Proform DE\" \/>\n<meta property=\"article:modified_time\" content=\"2026-01-16T08:41:44+00:00\" \/>\n<meta name=\"twitter:card\" content=\"summary_large_image\" \/>\n<meta name=\"twitter:label1\" content=\"Gesch\u00e4tzte Lesezeit\" \/>\n\t<meta name=\"twitter:data1\" content=\"1\u00a0Minute\" \/>\n<script type=\"application\/ld+json\" class=\"yoast-schema-graph\">{\"@context\":\"https:\/\/schema.org\",\"@graph\":[{\"@type\":\"WebPage\",\"@id\":\"https:\/\/www.proform.fr\/de\/herstellung-teilen-automobilindustrie.html\",\"url\":\"https:\/\/www.proform.fr\/de\/herstellung-teilen-automobilindustrie.html\",\"name\":\"PROFORM\",\"isPartOf\":{\"@id\":\"https:\/\/www.proform.fr\/de\/#website\"},\"datePublished\":\"2017-03-07T14:57:51+00:00\",\"dateModified\":\"2026-01-16T08:41:44+00:00\",\"description\":\"PROFORM\",\"breadcrumb\":{\"@id\":\"https:\/\/www.proform.fr\/de\/herstellung-teilen-automobilindustrie.html#breadcrumb\"},\"inLanguage\":\"de\",\"potentialAction\":[{\"@type\":\"ReadAction\",\"target\":[\"https:\/\/www.proform.fr\/de\/herstellung-teilen-automobilindustrie.html\"]}]},{\"@type\":\"BreadcrumbList\",\"@id\":\"https:\/\/www.proform.fr\/de\/herstellung-teilen-automobilindustrie.html#breadcrumb\",\"itemListElement\":[{\"@type\":\"ListItem\",\"position\":1,\"name\":\"Accueil\",\"item\":\"https:\/\/www.proform.fr\/de\/\"},{\"@type\":\"ListItem\",\"position\":2,\"name\":\"Herstellung von Teilen f\u00fcr die Automobilindustrie\"}]},{\"@type\":\"WebSite\",\"@id\":\"https:\/\/www.proform.fr\/de\/#website\",\"url\":\"https:\/\/www.proform.fr\/de\/\",\"name\":\"Proform DE\",\"description\":\"Un site utilisant Les sites de Proform\",\"potentialAction\":[{\"@type\":\"SearchAction\",\"target\":{\"@type\":\"EntryPoint\",\"urlTemplate\":\"https:\/\/www.proform.fr\/de\/?s={search_term_string}\"},\"query-input\":{\"@type\":\"PropertyValueSpecification\",\"valueRequired\":true,\"valueName\":\"search_term_string\"}}],\"inLanguage\":\"de\"}]}<\/script>\n<!-- \/ Yoast SEO plugin. -->","yoast_head_json":{"title":"PROFORM","description":"PROFORM","robots":{"index":"noindex","follow":"follow"},"og_locale":"de_DE","og_type":"article","og_title":"PROFORM","og_description":"PROFORM","og_url":"https:\/\/www.proform.fr\/de\/herstellung-teilen-automobilindustrie.html","og_site_name":"Proform DE","article_modified_time":"2026-01-16T08:41:44+00:00","twitter_card":"summary_large_image","twitter_misc":{"Gesch\u00e4tzte Lesezeit":"1\u00a0Minute"},"schema":{"@context":"https:\/\/schema.org","@graph":[{"@type":"WebPage","@id":"https:\/\/www.proform.fr\/de\/herstellung-teilen-automobilindustrie.html","url":"https:\/\/www.proform.fr\/de\/herstellung-teilen-automobilindustrie.html","name":"PROFORM","isPartOf":{"@id":"https:\/\/www.proform.fr\/de\/#website"},"datePublished":"2017-03-07T14:57:51+00:00","dateModified":"2026-01-16T08:41:44+00:00","description":"PROFORM","breadcrumb":{"@id":"https:\/\/www.proform.fr\/de\/herstellung-teilen-automobilindustrie.html#breadcrumb"},"inLanguage":"de","potentialAction":[{"@type":"ReadAction","target":["https:\/\/www.proform.fr\/de\/herstellung-teilen-automobilindustrie.html"]}]},{"@type":"BreadcrumbList","@id":"https:\/\/www.proform.fr\/de\/herstellung-teilen-automobilindustrie.html#breadcrumb","itemListElement":[{"@type":"ListItem","position":1,"name":"Accueil","item":"https:\/\/www.proform.fr\/de\/"},{"@type":"ListItem","position":2,"name":"Herstellung von Teilen f\u00fcr die Automobilindustrie"}]},{"@type":"WebSite","@id":"https:\/\/www.proform.fr\/de\/#website","url":"https:\/\/www.proform.fr\/de\/","name":"Proform DE","description":"Un site utilisant Les sites de Proform","potentialAction":[{"@type":"SearchAction","target":{"@type":"EntryPoint","urlTemplate":"https:\/\/www.proform.fr\/de\/?s={search_term_string}"},"query-input":{"@type":"PropertyValueSpecification","valueRequired":true,"valueName":"search_term_string"}}],"inLanguage":"de"}]}},"_links":{"self":[{"href":"https:\/\/www.proform.fr\/de\/wp-json\/wp\/v2\/pages\/252","targetHints":{"allow":["GET"]}}],"collection":[{"href":"https:\/\/www.proform.fr\/de\/wp-json\/wp\/v2\/pages"}],"about":[{"href":"https:\/\/www.proform.fr\/de\/wp-json\/wp\/v2\/types\/page"}],"author":[{"embeddable":true,"href":"https:\/\/www.proform.fr\/de\/wp-json\/wp\/v2\/users\/1"}],"replies":[{"embeddable":true,"href":"https:\/\/www.proform.fr\/de\/wp-json\/wp\/v2\/comments?post=252"}],"version-history":[{"count":8,"href":"https:\/\/www.proform.fr\/de\/wp-json\/wp\/v2\/pages\/252\/revisions"}],"predecessor-version":[{"id":852,"href":"https:\/\/www.proform.fr\/de\/wp-json\/wp\/v2\/pages\/252\/revisions\/852"}],"wp:attachment":[{"href":"https:\/\/www.proform.fr\/de\/wp-json\/wp\/v2\/media?parent=252"}],"curies":[{"name":"wp","href":"https:\/\/api.w.org\/{rel}","templated":true}]}}