{"id":62,"date":"2017-01-03T15:00:34","date_gmt":"2017-01-03T14:00:34","guid":{"rendered":"https:\/\/www.proform.fr\/?page_id=62"},"modified":"2025-02-12T15:15:42","modified_gmt":"2025-02-12T14:15:42","slug":"qualitat","status":"publish","type":"page","link":"https:\/\/www.proform.fr\/de\/qualitat.html","title":{"rendered":"Qualit\u00e4t"},"content":{"rendered":"[vc_row][vc_column][vc_column_text]Unsere Qualit\u00e4tsabteilung garantiert die Erf\u00fcllung Ihrer Anforderungen sowie die R\u00fcckverfolgbarkeit die Sie erwarten, und best\u00e4tigt die Konformit\u00e4t der Teile.[\/vc_column_text][vc_column_text]\n<h2>Kontrolle<\/h2>\n[\/vc_column_text][\/vc_column][\/vc_row][vc_row el_class=&#8220;colmemhaut&#8220;][vc_column width=&#8220;1\/2&#8243;][vc_column_text css=&#8220;.vc_custom_1504189588045{margin-right: 30px !important;}&#8220;]Unsere Standardproduktionen unterliegen verschiedenen, systematisch oder stichprobenartig durchgef\u00fchrten Kontrollen:<\/p>\n<ul>\n<li>Rauheit<\/li>\n<li>Abmessungen (Messs\u00e4ule, Messschieber, &#8230;)<\/li>\n<li>Spektrometrie (Werkstoffanalyse)<\/li>\n<li>Statistische Prozesskontrolle (SPC)<\/li>\n<li>H\u00e4rte (Rockwell, Wickers, &#8230;)<\/li>\n<li>Optische Abbildung: ber\u00fchrungslose Dimensionskontrolle<\/li>\n<\/ul>\n[\/vc_column_text][\/vc_column][vc_column width=&#8220;1\/2&#8243;][vc_column_text css=&#8220;.vc_custom_1504189606102{margin-left: 20px !important;}&#8220;]Die Sonderanfertigungen und Erzeugnisse f\u00fcr die Luftfahrt unterliegen speziellen Kontrollen:<\/p>\n<ul>\n<li>Dreidimensionale Pr\u00fcfung<\/li>\n<li>Fluoreszenz-Farbeindringpr\u00fcfung (integriertes Labor)<\/li>\n<li>Drucktest<\/li>\n<li>Schwei\u00dfnahtr\u00f6ntgen<\/li>\n<li>Pr\u00fcfung der Dicke (Ultraschall, Magnetkugel)<\/li>\n<\/ul>\n[\/vc_column_text][\/vc_column][\/vc_row][vc_row el_class=&#8220;colmemhaut&#8220;][vc_column width=&#8220;1\/3&#8243;][vc_column_text css=&#8220;.vc_custom_1504189809767{margin-right: 30px !important;}&#8220;]<img loading=\"lazy\" decoding=\"async\" class=\"size-medium wp-image-590 aligncenter\" src=\"https:\/\/www.proform.fr\/de\/wp-content\/uploads\/sites\/3\/2017\/08\/1-300x131.jpg\" alt=\"\" width=\"300\" height=\"131\" srcset=\"https:\/\/www.proform.fr\/de\/wp-content\/uploads\/sites\/3\/2017\/08\/1-300x131.jpg 300w, https:\/\/www.proform.fr\/de\/wp-content\/uploads\/sites\/3\/2017\/08\/1-1024x448.jpg 1024w, https:\/\/www.proform.fr\/de\/wp-content\/uploads\/sites\/3\/2017\/08\/1-768x336.jpg 768w, https:\/\/www.proform.fr\/de\/wp-content\/uploads\/sites\/3\/2017\/08\/1-1536x671.jpg 1536w, https:\/\/www.proform.fr\/de\/wp-content\/uploads\/sites\/3\/2017\/08\/1-2048x895.jpg 2048w, https:\/\/www.proform.fr\/de\/wp-content\/uploads\/sites\/3\/2017\/08\/1-106x46.jpg 106w\" sizes=\"auto, (max-width: 300px) 100vw, 300px\" \/>[\/vc_column_text][\/vc_column][vc_column width=&#8220;1\/3&#8243;][vc_column_text css=&#8220;.vc_custom_1504189820744{margin-left: 20px !important;}&#8220;]<img loading=\"lazy\" decoding=\"async\" class=\"aligncenter size-medium wp-image-589\" src=\"https:\/\/www.proform.fr\/de\/wp-content\/uploads\/sites\/3\/2017\/08\/1-1-170x300.jpg\" alt=\"\" width=\"170\" height=\"300\" srcset=\"https:\/\/www.proform.fr\/de\/wp-content\/uploads\/sites\/3\/2017\/08\/1-1-170x300.jpg 170w, https:\/\/www.proform.fr\/de\/wp-content\/uploads\/sites\/3\/2017\/08\/1-1-106x188.jpg 106w, https:\/\/www.proform.fr\/de\/wp-content\/uploads\/sites\/3\/2017\/08\/1-1.jpg 339w\" sizes=\"auto, (max-width: 170px) 100vw, 170px\" \/>[\/vc_column_text][\/vc_column][vc_column width=&#8220;1\/3&#8243;][vc_column_text css=&#8220;.vc_custom_1504189831919{margin-left: 20px !important;}&#8220;]<img loading=\"lazy\" decoding=\"async\" class=\"aligncenter size-medium wp-image-555\" src=\"https:\/\/www.proform.fr\/de\/wp-content\/uploads\/sites\/3\/2017\/03\/1-7-300x225.jpg\" alt=\"Herstellung von Teilen f\u00fcr die Luft- und Raumfahrtindustrie\" width=\"300\" height=\"225\" srcset=\"https:\/\/www.proform.fr\/de\/wp-content\/uploads\/sites\/3\/2017\/03\/1-7-300x225.jpg 300w, https:\/\/www.proform.fr\/de\/wp-content\/uploads\/sites\/3\/2017\/03\/1-7-768x576.jpg 768w, https:\/\/www.proform.fr\/de\/wp-content\/uploads\/sites\/3\/2017\/03\/1-7-106x80.jpg 106w, https:\/\/www.proform.fr\/de\/wp-content\/uploads\/sites\/3\/2017\/03\/1-7.jpg 1024w\" sizes=\"auto, (max-width: 300px) 100vw, 300px\" \/>[\/vc_column_text][\/vc_column][\/vc_row][vc_row css=&#8220;.vc_custom_1483460805857{margin-top: 20px !important;}&#8220;][vc_column][vc_separator][\/vc_column][\/vc_row][vc_row full_width=&#8220;stretch_row&#8220; css=&#8220;.vc_custom_1483606323547{background-color: #eaeaea !important;}&#8220;][vc_column width=&#8220;1\/2&#8243;][vc_column_text]\n<h3><span style=\"vertical-align: inherit;\"><span style=\"vertical-align: inherit;\">Certificats\u00a0:<\/span><\/span><\/h3>\n<p><a href=\"https:\/\/www.proform.fr\/de\/wp-content\/uploads\/sites\/3\/2024\/07\/PROFORM_10615136-QMS-ENGUS-9001_Val-2027.pdf\" target=\"_blank\" rel=\"noopener noreferrer\"><span style=\"vertical-align: inherit;\"><span style=\"vertical-align: inherit;\">ISO 9001:2015 <\/span><\/span><\/a><br \/>\n<a href=\"https:\/\/www.proform.fr\/de\/wp-content\/uploads\/sites\/3\/2024\/07\/PROFORM_10609907_QMS-CERTIFICATE-AS9100-ENGUS-COFRAC_Val-2027.pdf\" target=\"_blank\" rel=\"noopener noreferrer\"><span style=\"vertical-align: inherit;\"><span style=\"vertical-align: inherit;\">EN 9100:2016<\/span><\/span><\/a><br \/>\n<a href=\"https:\/\/www.proform.fr\/de\/wp-content\/uploads\/sites\/3\/2025\/02\/Nadcap_NDT_2025-2027.pdf\" target=\"_blank\" rel=\"noopener noreferrer\"><i class=\"vc_btn3-icon fa fa-file-text-o\"><\/i><span style=\"vertical-align: inherit;\"><span style=\"vertical-align: inherit;\">Nadcap Non Destructive Testing<\/span><\/span><\/a><br \/>\n<a href=\"https:\/\/www.proform.fr\/wp-content\/uploads\/2024\/05\/Certificate-Nadcap-Aerospace-Welding-audit-220418.pdf\" target=\"_blank\" rel=\"noopener noreferrer\"><span style=\"vertical-align: inherit;\"><span style=\"vertical-align: inherit;\">Nadcap Welding<\/span><\/span><\/a><br \/>\n<i class=\"vc_btn3-icon fa fa-file-text-o\"><\/i><a href=\"https:\/\/www.proform.fr\/de\/wp-content\/uploads\/sites\/3\/2023\/08\/Proform-ADW0-PED_07-2026_All.pdf\"><span style=\"vertical-align: inherit;\"><span style=\"vertical-align: inherit;\">T\u00dcV ADW0 \/ TRD \/ DESP 2014\/68\/UE<\/span><\/span><\/a>[\/vc_column_text][\/vc_column][vc_column width=&#8220;1\/2&#8243;][vc_column_text]\n<h3>Zulassungen und Qualit\u00e4tsbezeichnungen:<\/h3>\n<p>Luftfahrt<\/p>\n<ul>\n<li><a href=\"https:\/\/www.proform.fr\/wp-content\/uploads\/2017\/07\/Qualification-Airbus.pdf\">Airbus<\/a><\/li>\n<li>Collins Aerospace<\/li>\n<li>Dassault Aviation<\/li>\n<li>Liebherr Aerospace<\/li>\n<\/ul>\n<p>Energie<\/p>\n<ul>\n<li>Total<\/li>\n<\/ul>\n[\/vc_column_text][\/vc_column][\/vc_row]\n","protected":false},"excerpt":{"rendered":"<p>[vc_row][vc_column][vc_column_text]Unsere Qualit\u00e4tsabteilung garantiert die Erf\u00fcllung Ihrer Anforderungen sowie die R\u00fcckverfolgbarkeit die Sie erwarten, und best\u00e4tigt die Konformit\u00e4t der Teile.[\/vc_column_text][vc_column_text] Kontrolle [\/vc_column_text][\/vc_column][\/vc_row][vc_row el_class=&#8220;colmemhaut&#8220;][vc_column width=&#8220;1\/2&#8243;][vc_column_text css=&#8220;.vc_custom_1504189588045{margin-right: 30px !important;}&#8220;]Unsere Standardproduktionen unterliegen verschiedenen, systematisch oder stichprobenartig durchgef\u00fchrten Kontrollen: Rauheit Abmessungen (Messs\u00e4ule, Messschieber, &#8230;) Spektrometrie (Werkstoffanalyse) Statistische Prozesskontrolle (SPC) H\u00e4rte (Rockwell, Wickers, &#8230;) Optische Abbildung: ber\u00fchrungslose Dimensionskontrolle [\/vc_column_text][\/vc_column][vc_column width=&#8220;1\/2&#8243;][vc_column_text css=&#8220;.vc_custom_1504189606102{margin-left:&hellip;<\/p>\n","protected":false},"author":1,"featured_media":0,"parent":0,"menu_order":0,"comment_status":"closed","ping_status":"closed","template":"","meta":[],"class_list":["post-62","page","type-page","status-publish","hentry","description-off"],"yoast_head":"<!-- This site is optimized with the Yoast SEO plugin v26.7 - https:\/\/yoast.com\/wordpress\/plugins\/seo\/ -->\n<title>PROFORM<\/title>\n<meta name=\"description\" content=\"PROFORM\" \/>\n<meta name=\"robots\" content=\"index, follow, max-snippet:-1, max-image-preview:large, max-video-preview:-1\" \/>\n<link rel=\"canonical\" href=\"https:\/\/www.proform.fr\/de\/qualitat.html\" \/>\n<meta property=\"og:locale\" content=\"de_DE\" \/>\n<meta property=\"og:type\" content=\"article\" \/>\n<meta property=\"og:title\" content=\"PROFORM\" \/>\n<meta property=\"og:description\" content=\"PROFORM\" \/>\n<meta property=\"og:url\" content=\"https:\/\/www.proform.fr\/de\/qualitat.html\" \/>\n<meta property=\"og:site_name\" content=\"Proform DE\" \/>\n<meta property=\"article:modified_time\" content=\"2025-02-12T14:15:42+00:00\" \/>\n<meta property=\"og:image\" content=\"https:\/\/www.proform.fr\/de\/wp-content\/uploads\/sites\/3\/2017\/08\/1.jpg\" \/>\n\t<meta property=\"og:image:width\" content=\"2272\" \/>\n\t<meta property=\"og:image:height\" content=\"993\" \/>\n\t<meta property=\"og:image:type\" content=\"image\/jpeg\" \/>\n<meta name=\"twitter:card\" content=\"summary_large_image\" \/>\n<meta name=\"twitter:label1\" content=\"Gesch\u00e4tzte Lesezeit\" \/>\n\t<meta name=\"twitter:data1\" content=\"2\u00a0Minuten\" \/>\n<script type=\"application\/ld+json\" class=\"yoast-schema-graph\">{\"@context\":\"https:\/\/schema.org\",\"@graph\":[{\"@type\":\"WebPage\",\"@id\":\"https:\/\/www.proform.fr\/de\/qualitat.html\",\"url\":\"https:\/\/www.proform.fr\/de\/qualitat.html\",\"name\":\"PROFORM\",\"isPartOf\":{\"@id\":\"https:\/\/www.proform.fr\/de\/#website\"},\"primaryImageOfPage\":{\"@id\":\"https:\/\/www.proform.fr\/de\/qualitat.html#primaryimage\"},\"image\":{\"@id\":\"https:\/\/www.proform.fr\/de\/qualitat.html#primaryimage\"},\"thumbnailUrl\":\"https:\/\/www.proform.fr\/de\/wp-content\/uploads\/sites\/3\/2017\/08\/1-300x131.jpg\",\"datePublished\":\"2017-01-03T14:00:34+00:00\",\"dateModified\":\"2025-02-12T14:15:42+00:00\",\"description\":\"PROFORM\",\"breadcrumb\":{\"@id\":\"https:\/\/www.proform.fr\/de\/qualitat.html#breadcrumb\"},\"inLanguage\":\"de\",\"potentialAction\":[{\"@type\":\"ReadAction\",\"target\":[\"https:\/\/www.proform.fr\/de\/qualitat.html\"]}]},{\"@type\":\"ImageObject\",\"inLanguage\":\"de\",\"@id\":\"https:\/\/www.proform.fr\/de\/qualitat.html#primaryimage\",\"url\":\"https:\/\/www.proform.fr\/de\/wp-content\/uploads\/sites\/3\/2017\/08\/1.jpg\",\"contentUrl\":\"https:\/\/www.proform.fr\/de\/wp-content\/uploads\/sites\/3\/2017\/08\/1.jpg\",\"width\":2272,\"height\":993},{\"@type\":\"BreadcrumbList\",\"@id\":\"https:\/\/www.proform.fr\/de\/qualitat.html#breadcrumb\",\"itemListElement\":[{\"@type\":\"ListItem\",\"position\":1,\"name\":\"Accueil\",\"item\":\"https:\/\/www.proform.fr\/de\/\"},{\"@type\":\"ListItem\",\"position\":2,\"name\":\"Qualit\u00e4t\"}]},{\"@type\":\"WebSite\",\"@id\":\"https:\/\/www.proform.fr\/de\/#website\",\"url\":\"https:\/\/www.proform.fr\/de\/\",\"name\":\"Proform DE\",\"description\":\"Un site utilisant Les sites de Proform\",\"potentialAction\":[{\"@type\":\"SearchAction\",\"target\":{\"@type\":\"EntryPoint\",\"urlTemplate\":\"https:\/\/www.proform.fr\/de\/?s={search_term_string}\"},\"query-input\":{\"@type\":\"PropertyValueSpecification\",\"valueRequired\":true,\"valueName\":\"search_term_string\"}}],\"inLanguage\":\"de\"}]}<\/script>\n<!-- \/ Yoast SEO plugin. -->","yoast_head_json":{"title":"PROFORM","description":"PROFORM","robots":{"index":"index","follow":"follow","max-snippet":"max-snippet:-1","max-image-preview":"max-image-preview:large","max-video-preview":"max-video-preview:-1"},"canonical":"https:\/\/www.proform.fr\/de\/qualitat.html","og_locale":"de_DE","og_type":"article","og_title":"PROFORM","og_description":"PROFORM","og_url":"https:\/\/www.proform.fr\/de\/qualitat.html","og_site_name":"Proform DE","article_modified_time":"2025-02-12T14:15:42+00:00","og_image":[{"width":2272,"height":993,"url":"https:\/\/www.proform.fr\/de\/wp-content\/uploads\/sites\/3\/2017\/08\/1.jpg","type":"image\/jpeg"}],"twitter_card":"summary_large_image","twitter_misc":{"Gesch\u00e4tzte Lesezeit":"2\u00a0Minuten"},"schema":{"@context":"https:\/\/schema.org","@graph":[{"@type":"WebPage","@id":"https:\/\/www.proform.fr\/de\/qualitat.html","url":"https:\/\/www.proform.fr\/de\/qualitat.html","name":"PROFORM","isPartOf":{"@id":"https:\/\/www.proform.fr\/de\/#website"},"primaryImageOfPage":{"@id":"https:\/\/www.proform.fr\/de\/qualitat.html#primaryimage"},"image":{"@id":"https:\/\/www.proform.fr\/de\/qualitat.html#primaryimage"},"thumbnailUrl":"https:\/\/www.proform.fr\/de\/wp-content\/uploads\/sites\/3\/2017\/08\/1-300x131.jpg","datePublished":"2017-01-03T14:00:34+00:00","dateModified":"2025-02-12T14:15:42+00:00","description":"PROFORM","breadcrumb":{"@id":"https:\/\/www.proform.fr\/de\/qualitat.html#breadcrumb"},"inLanguage":"de","potentialAction":[{"@type":"ReadAction","target":["https:\/\/www.proform.fr\/de\/qualitat.html"]}]},{"@type":"ImageObject","inLanguage":"de","@id":"https:\/\/www.proform.fr\/de\/qualitat.html#primaryimage","url":"https:\/\/www.proform.fr\/de\/wp-content\/uploads\/sites\/3\/2017\/08\/1.jpg","contentUrl":"https:\/\/www.proform.fr\/de\/wp-content\/uploads\/sites\/3\/2017\/08\/1.jpg","width":2272,"height":993},{"@type":"BreadcrumbList","@id":"https:\/\/www.proform.fr\/de\/qualitat.html#breadcrumb","itemListElement":[{"@type":"ListItem","position":1,"name":"Accueil","item":"https:\/\/www.proform.fr\/de\/"},{"@type":"ListItem","position":2,"name":"Qualit\u00e4t"}]},{"@type":"WebSite","@id":"https:\/\/www.proform.fr\/de\/#website","url":"https:\/\/www.proform.fr\/de\/","name":"Proform DE","description":"Un site utilisant Les sites de Proform","potentialAction":[{"@type":"SearchAction","target":{"@type":"EntryPoint","urlTemplate":"https:\/\/www.proform.fr\/de\/?s={search_term_string}"},"query-input":{"@type":"PropertyValueSpecification","valueRequired":true,"valueName":"search_term_string"}}],"inLanguage":"de"}]}},"_links":{"self":[{"href":"https:\/\/www.proform.fr\/de\/wp-json\/wp\/v2\/pages\/62","targetHints":{"allow":["GET"]}}],"collection":[{"href":"https:\/\/www.proform.fr\/de\/wp-json\/wp\/v2\/pages"}],"about":[{"href":"https:\/\/www.proform.fr\/de\/wp-json\/wp\/v2\/types\/page"}],"author":[{"embeddable":true,"href":"https:\/\/www.proform.fr\/de\/wp-json\/wp\/v2\/users\/1"}],"replies":[{"embeddable":true,"href":"https:\/\/www.proform.fr\/de\/wp-json\/wp\/v2\/comments?post=62"}],"version-history":[{"count":22,"href":"https:\/\/www.proform.fr\/de\/wp-json\/wp\/v2\/pages\/62\/revisions"}],"predecessor-version":[{"id":839,"href":"https:\/\/www.proform.fr\/de\/wp-json\/wp\/v2\/pages\/62\/revisions\/839"}],"wp:attachment":[{"href":"https:\/\/www.proform.fr\/de\/wp-json\/wp\/v2\/media?parent=62"}],"curies":[{"name":"wp","href":"https:\/\/api.w.org\/{rel}","templated":true}]}}