{"id":679,"date":"2018-09-27T10:34:25","date_gmt":"2018-09-27T08:34:25","guid":{"rendered":"https:\/\/www.proform.fr\/de\/?page_id=679"},"modified":"2018-10-15T17:11:31","modified_gmt":"2018-10-15T15:11:31","slug":"umgang-mit-cookies","status":"publish","type":"page","link":"https:\/\/www.proform.fr\/de\/umgang-mit-cookies.html","title":{"rendered":"Umgang mit Cookies"},"content":{"rendered":"<h1>Umgang mit Cookies \u2013 Datenschutzerkl\u00e4rung<\/h1>\n<p>Wir nehmen Ihre Privatsph\u00e4re sehr ernst!<\/p>\n<p>Danke daf\u00fcr, dass Sie unsere Webseiten und unsere Dienstleistungen nutzen. Genauso wie Sie sind wir der Ansicht, dass die pers\u00f6nlich Integrit\u00e4t wichtig ist und deswegen behandeln wir Ihre Privatsph\u00e4re sehr ernst. Diese Datenschutzerkl\u00e4rung bezieht sich auf alle nat\u00fcrlichen Personen, die ihre personenbezogenen Daten direkt oder indirekt mit PROFORM durch den Besuch unserer Webseite und die Benutzung unserer Dienstleistungen teilen.<\/p>\n<p>PROFORM ist eine Firma mit Sitz in <strong>Frankreich<\/strong> und deswegen unterliegen wir in Bezug auf den Schutz von personenbezogenen Informationen franz\u00f6sischem Recht (1998: 204), das in Verbindung mit der Datenschutzrichtlinie 95\/46\/EG gilt.<\/p>\n<p>Unser Firmensitz ist 4 \u00e0 8 route du Caillou CS 50224 69630 Chaponost.<\/p>\n<p>Z\u00f6gern Sie nicht, uns Ihre Fragen oder Bedenken bez\u00fcglich des Datenschutzes unter der Telefonnummer <a href=\"tel:+33472671300\">+33 4 72 67 13 00<\/a> mitzuteilen.<\/p>\n<p>In dieser Datenschutzerkl\u00e4rung erl\u00e4utern wir, welche Arten personenbezogener Daten und zu welchem Zweck verarbeitet werden. Wir erkl\u00e4ren ebenfalls, \u00fcber welche M\u00f6glichkeiten in Bezug auf unsere Verarbeitung haben und wie sie mehr dar\u00fcber sowie \u00fcber Ihre Rechte erfahren k\u00f6nnen.<\/p>\n<p>&nbsp;<\/p>\n<h2>WIRKUNGSBEREICH DER DATENSCHUTZERKL\u00c4RUNG<\/h2>\n<p>Beachten Sie bitte, dass diese Datenschutzerkl\u00e4rung Situationen betrifft, in denen PROFORM der Verantwortliche f\u00fcr die Verarbeitung ist, d.h. wenn PROFORM \u00fcber Zweck und Mittel der Verarbeitung entscheidet.<\/p>\n<p>Um jegliche Unklarheiten zu vermeiden wird klargestellt, dass diese Datenschutzerkl\u00e4rung sich nicht auf die Verarbeitung von Daten bezieht, die von PROFORM als Drittpartei in Verbindung mit Ihrer Nutzung unserer Dienstleistungen durchgef\u00fchrt werden kann.<\/p>\n<p>Um Auskunft dar\u00fcber zu erhalten, auf welche Weise unsere Dienstleistungen verwendet werden k\u00f6nnen, um die Verarbeitung Ihrer personenbezogenen Daten einfacher zu gestalten, sowie um mehr \u00fcber die damit verbundenen Verantwortlichkeiten und Verpflichtungen von PROFORM zu erhalten, machen Sie sich bitte mit den geltenden Bestimmungen vertraut.<\/p>\n<p>&nbsp;<\/p>\n<h2>VERARBEITETE PERSONENBEZOGENE DATEN<\/h2>\n<p>Personenbezogene Daten sind Daten, mit Hilfe derer Sie als nat\u00fcrliche Person identifiziert werden k\u00f6nnen. Wir k\u00f6nnen die folgenden Sie betreffenden personenbezogenen Daten verarbeiten:<\/p>\n<ul>\n<li>Ihre Daten inkl. Name, E-Mail-Adresse und Telefonnummer<\/li>\n<li>Nutzerinformationen, z. B. dar\u00fcber, wann Sie unsere Dienstleistungen nutzen oder unsere Internetseiten besuchen. Diese Informationen k\u00f6nnen die IP-Nummer, die Art des internetf\u00e4higen Ger\u00e4ts, Browser, Zeitzone, geografische Lage sowie Ihre Interessen und Pr\u00e4ferenzen bez\u00fcglich der Interaktion mit unseren Dienstleistungen, z. B. genutzte Funktionen und angeklickte Buttons.<\/li>\n<li>Andere Informationen, die wir \u00fcber Ihre Kontakte erhalten.<\/li>\n<\/ul>\n<p>&nbsp;<\/p>\n<h2>VERARBEITUNGSZWECKE<\/h2>\n<p>Wir verarbeiten Ihre personenbezogenen Daten zu den folgenden Zwecken:<\/p>\n<ul>\n<li>Bereitstellung unserer Dienstleistungen gem\u00e4\u00df den geltenden Bestimmungen<\/li>\n<li>Die Gesch\u00e4ftsbeziehung zwischen Ihnen und dem PROFORM-Kunden verwalten, den Sie vertreten<\/li>\n<li>Unsere Dienstleistungen entwickeln und verbessern<\/li>\n<li>Um derzeitigen oder zuk\u00fcnftigen PROFORM-Kunden Informationen und Angebote \u00fcber unsere Dienstleistungen durch ausgew\u00e4hlte Dritte bereitzustellen. Um jegliche Unklarheiten zu vermeiden: jegliches Marketingmaterial, das Ihnen unter Verwendung ihrer personenbezogenen Daten \u00fcbermittelt wird, wird Ihnen als Vertreter eines derzeitigen oder potentiellen Kunden von PROFORM und nicht als Privatperson bereitgestellt.<\/li>\n<\/ul>\n<p>&nbsp;<\/p>\n<h2>WEITERGABE AN DRITTE UND \u00dcBERTRAGUNG IN DRITTL\u00c4NDER<\/h2>\n<p>Wir k\u00f6nnen personenbezogene Daten mit Dritten zu den oben erl\u00e4uterten Zwecken teilen. Um jegliche Unklarheiten zu vermeiden: wir teilen keine personenbezogenen mit Dritten, damit diese die personenbezogenen Daten zu Direkt-Marketingzwecken in einer Gesch\u00e4ftsbeziehung zu Ihnen als Privatperson, sondern als Vertreter eines derzeitigen oder potentiellen Kunden von PROFORM verwenden.<\/p>\n<p>Wir k\u00f6nnen Ihre personenbezogenen Daten in ein Land au\u00dferhalb des EWR \u00fcbertragen, aber wir m\u00fcssen vorab Ihre Einwilligung dazu einholen oder sicherstellen, dass diese \u00dcbertragung legal ist und andere Bestimmungen ber\u00fccksichtigt.<\/p>\n<p>Wie oben erl\u00e4utert sollten Sie nicht vergessen, dass diese Datenschutzerkl\u00e4rung sich nicht auf eine Verarbeitung von Daten bezieht, f\u00fcr die Sie aufgrund der Nutzung unserer Dienstleistungen verantwortlich sind. Sie oder die von Ihnen vertretene Partei sind daher stets f\u00fcr die Verarbeitung Ihrer personenbezogenen Daten gem\u00e4\u00df dem geltenden Recht verantwortlich.<\/p>\n<p>&nbsp;<\/p>\n<h2>IHRE RECHTE<\/h2>\n<p>Es ist unsere Pflicht, genaue, relevante und n\u00f6tige personenbezogene Daten zu verarbeiten und dabei unsere legitimen Ziele zu verfolgen. Es steht Ihnen frei, uns diesbez\u00fcglich zu kontrollieren.<\/p>\n<p>Um personenbezogene Daten zu berichtigen, die Sie betreffen und von uns verarbeitet werden, <a href=\"https:\/\/www.proform.fr\/contact.html\">kontaktieren Sie uns bitte<\/a>. Um kostenlos einen Auszug der Sie betreffenden personenbezogenen Daten zu erhalten, die wir verarbeiten, senden Sie ein unterzeichnetes Schreiben an die Adresse von PROFORM.<\/p>\n","protected":false},"excerpt":{"rendered":"<p>Umgang mit Cookies \u2013 Datenschutzerkl\u00e4rung Wir nehmen Ihre Privatsph\u00e4re sehr ernst! Danke daf\u00fcr, dass Sie unsere Webseiten und unsere Dienstleistungen nutzen. Genauso wie Sie sind wir der Ansicht, dass die pers\u00f6nlich Integrit\u00e4t wichtig ist und deswegen behandeln wir Ihre Privatsph\u00e4re sehr ernst. Diese Datenschutzerkl\u00e4rung bezieht sich auf alle nat\u00fcrlichen Personen, die ihre personenbezogenen Daten direkt&hellip;<\/p>\n","protected":false},"author":1,"featured_media":0,"parent":0,"menu_order":0,"comment_status":"closed","ping_status":"closed","template":"","meta":[],"class_list":["post-679","page","type-page","status-publish","hentry","description-off"],"yoast_head":"<!-- This site is optimized with the Yoast SEO plugin v26.7 - https:\/\/yoast.com\/wordpress\/plugins\/seo\/ -->\n<title>PROFORM<\/title>\n<meta name=\"description\" content=\"PROFORM\" \/>\n<meta name=\"robots\" content=\"index, follow, max-snippet:-1, max-image-preview:large, max-video-preview:-1\" \/>\n<link rel=\"canonical\" href=\"https:\/\/www.proform.fr\/de\/umgang-mit-cookies.html\" \/>\n<meta property=\"og:locale\" content=\"de_DE\" \/>\n<meta property=\"og:type\" content=\"article\" \/>\n<meta property=\"og:title\" content=\"PROFORM\" \/>\n<meta property=\"og:description\" content=\"PROFORM\" \/>\n<meta property=\"og:url\" content=\"https:\/\/www.proform.fr\/de\/umgang-mit-cookies.html\" \/>\n<meta property=\"og:site_name\" content=\"Proform DE\" \/>\n<meta property=\"article:modified_time\" content=\"2018-10-15T15:11:31+00:00\" \/>\n<meta name=\"twitter:card\" content=\"summary_large_image\" \/>\n<meta name=\"twitter:label1\" content=\"Gesch\u00e4tzte Lesezeit\" \/>\n\t<meta name=\"twitter:data1\" content=\"3\u00a0Minuten\" \/>\n<script type=\"application\/ld+json\" class=\"yoast-schema-graph\">{\"@context\":\"https:\/\/schema.org\",\"@graph\":[{\"@type\":\"WebPage\",\"@id\":\"https:\/\/www.proform.fr\/de\/umgang-mit-cookies.html\",\"url\":\"https:\/\/www.proform.fr\/de\/umgang-mit-cookies.html\",\"name\":\"PROFORM\",\"isPartOf\":{\"@id\":\"https:\/\/www.proform.fr\/de\/#website\"},\"datePublished\":\"2018-09-27T08:34:25+00:00\",\"dateModified\":\"2018-10-15T15:11:31+00:00\",\"description\":\"PROFORM\",\"breadcrumb\":{\"@id\":\"https:\/\/www.proform.fr\/de\/umgang-mit-cookies.html#breadcrumb\"},\"inLanguage\":\"de\",\"potentialAction\":[{\"@type\":\"ReadAction\",\"target\":[\"https:\/\/www.proform.fr\/de\/umgang-mit-cookies.html\"]}]},{\"@type\":\"BreadcrumbList\",\"@id\":\"https:\/\/www.proform.fr\/de\/umgang-mit-cookies.html#breadcrumb\",\"itemListElement\":[{\"@type\":\"ListItem\",\"position\":1,\"name\":\"Accueil\",\"item\":\"https:\/\/www.proform.fr\/de\/\"},{\"@type\":\"ListItem\",\"position\":2,\"name\":\"Umgang mit Cookies\"}]},{\"@type\":\"WebSite\",\"@id\":\"https:\/\/www.proform.fr\/de\/#website\",\"url\":\"https:\/\/www.proform.fr\/de\/\",\"name\":\"Proform DE\",\"description\":\"Un site utilisant Les sites de Proform\",\"potentialAction\":[{\"@type\":\"SearchAction\",\"target\":{\"@type\":\"EntryPoint\",\"urlTemplate\":\"https:\/\/www.proform.fr\/de\/?s={search_term_string}\"},\"query-input\":{\"@type\":\"PropertyValueSpecification\",\"valueRequired\":true,\"valueName\":\"search_term_string\"}}],\"inLanguage\":\"de\"}]}<\/script>\n<!-- \/ Yoast SEO plugin. -->","yoast_head_json":{"title":"PROFORM","description":"PROFORM","robots":{"index":"index","follow":"follow","max-snippet":"max-snippet:-1","max-image-preview":"max-image-preview:large","max-video-preview":"max-video-preview:-1"},"canonical":"https:\/\/www.proform.fr\/de\/umgang-mit-cookies.html","og_locale":"de_DE","og_type":"article","og_title":"PROFORM","og_description":"PROFORM","og_url":"https:\/\/www.proform.fr\/de\/umgang-mit-cookies.html","og_site_name":"Proform DE","article_modified_time":"2018-10-15T15:11:31+00:00","twitter_card":"summary_large_image","twitter_misc":{"Gesch\u00e4tzte Lesezeit":"3\u00a0Minuten"},"schema":{"@context":"https:\/\/schema.org","@graph":[{"@type":"WebPage","@id":"https:\/\/www.proform.fr\/de\/umgang-mit-cookies.html","url":"https:\/\/www.proform.fr\/de\/umgang-mit-cookies.html","name":"PROFORM","isPartOf":{"@id":"https:\/\/www.proform.fr\/de\/#website"},"datePublished":"2018-09-27T08:34:25+00:00","dateModified":"2018-10-15T15:11:31+00:00","description":"PROFORM","breadcrumb":{"@id":"https:\/\/www.proform.fr\/de\/umgang-mit-cookies.html#breadcrumb"},"inLanguage":"de","potentialAction":[{"@type":"ReadAction","target":["https:\/\/www.proform.fr\/de\/umgang-mit-cookies.html"]}]},{"@type":"BreadcrumbList","@id":"https:\/\/www.proform.fr\/de\/umgang-mit-cookies.html#breadcrumb","itemListElement":[{"@type":"ListItem","position":1,"name":"Accueil","item":"https:\/\/www.proform.fr\/de\/"},{"@type":"ListItem","position":2,"name":"Umgang mit Cookies"}]},{"@type":"WebSite","@id":"https:\/\/www.proform.fr\/de\/#website","url":"https:\/\/www.proform.fr\/de\/","name":"Proform DE","description":"Un site utilisant Les sites de Proform","potentialAction":[{"@type":"SearchAction","target":{"@type":"EntryPoint","urlTemplate":"https:\/\/www.proform.fr\/de\/?s={search_term_string}"},"query-input":{"@type":"PropertyValueSpecification","valueRequired":true,"valueName":"search_term_string"}}],"inLanguage":"de"}]}},"_links":{"self":[{"href":"https:\/\/www.proform.fr\/de\/wp-json\/wp\/v2\/pages\/679","targetHints":{"allow":["GET"]}}],"collection":[{"href":"https:\/\/www.proform.fr\/de\/wp-json\/wp\/v2\/pages"}],"about":[{"href":"https:\/\/www.proform.fr\/de\/wp-json\/wp\/v2\/types\/page"}],"author":[{"embeddable":true,"href":"https:\/\/www.proform.fr\/de\/wp-json\/wp\/v2\/users\/1"}],"replies":[{"embeddable":true,"href":"https:\/\/www.proform.fr\/de\/wp-json\/wp\/v2\/comments?post=679"}],"version-history":[{"count":2,"href":"https:\/\/www.proform.fr\/de\/wp-json\/wp\/v2\/pages\/679\/revisions"}],"predecessor-version":[{"id":681,"href":"https:\/\/www.proform.fr\/de\/wp-json\/wp\/v2\/pages\/679\/revisions\/681"}],"wp:attachment":[{"href":"https:\/\/www.proform.fr\/de\/wp-json\/wp\/v2\/media?parent=679"}],"curies":[{"name":"wp","href":"https:\/\/api.w.org\/{rel}","templated":true}]}}