{"id":8,"date":"2016-12-23T11:40:00","date_gmt":"2016-12-23T10:40:00","guid":{"rendered":"https:\/\/www.proform.fr\/?page_id=8"},"modified":"2026-01-16T09:42:30","modified_gmt":"2026-01-16T08:42:30","slug":"home","status":"publish","type":"page","link":"https:\/\/www.proform.fr\/de\/","title":{"rendered":"Home"},"content":{"rendered":"[vc_row type=&#8220;vc_default&#8220; full_width=&#8220;stretch_row_content&#8220; content_placement=&#8220;middle&#8220; margin_top=&#8220;-70px&#8220; full_width_row=&#8220;true&#8220;][vc_column][vc_column_text]<link href=\"https:\/\/fonts.googleapis.com\/css?family=Open+Sans:600\" rel=\"stylesheet\" property=\"stylesheet\" type=\"text\/css\" media=\"all\">\n<div id=\"rev_slider_1_1_wrapper\" class=\"rev_slider_wrapper fullwidthbanner-container\" data-source=\"gallery\" style=\"margin:0px auto;background:transparent;padding:0px;margin-top:0px;margin-bottom:0px;\">\n<!-- START REVOLUTION SLIDER 5.4.3.1 auto mode -->\n\t<div id=\"rev_slider_1_1\" class=\"rev_slider fullwidthabanner\" style=\"display:none;\" data-version=\"5.4.3.1\">\n<ul>\t<!-- SLIDE  -->\n\t<li data-index=\"rs-1\" data-transition=\"fade\" data-slotamount=\"default\" data-hideafterloop=\"0\" data-hideslideonmobile=\"off\"  data-easein=\"default\" data-easeout=\"default\" data-masterspeed=\"300\"  data-thumb=\"https:\/\/www.proform.fr\/de\/wp-content\/uploads\/sites\/3\/2017\/08\/1-18-100x50.jpg\"  data-rotate=\"0\"  data-saveperformance=\"off\"  data-title=\"Slide\" data-param1=\"\" data-param2=\"\" data-param3=\"\" data-param4=\"\" data-param5=\"\" data-param6=\"\" data-param7=\"\" data-param8=\"\" data-param9=\"\" data-param10=\"\" data-description=\"\">\n\t\t<!-- MAIN IMAGE -->\n\t\t<img loading=\"lazy\" decoding=\"async\" src=\"https:\/\/www.proform.fr\/de\/wp-content\/uploads\/sites\/3\/2017\/08\/1-18.jpg\"  alt=\"\"  width=\"1691\" height=\"672\" data-bgposition=\"center center\" data-bgfit=\"cover\" data-bgrepeat=\"no-repeat\" class=\"rev-slidebg\" data-no-retina>\n\t\t<!-- LAYERS -->\n\n\t\t<!-- LAYER NR. 1 -->\n\t\t<div class=\"tp-caption calibri   tp-resizeme\" \n\t\t\t id=\"slide-1-layer-1\" \n\t\t\t data-x=\"center\" data-hoffset=\"\" \n\t\t\t data-y=\"center\" data-voffset=\"-1\" \n\t\t\t\t\t\tdata-width=\"['auto']\"\n\t\t\tdata-height=\"['auto']\"\n \n\t\t\tdata-type=\"text\" \n\t\t\tdata-responsive_offset=\"on\" \n\n\t\t\tdata-frames='[{\"delay\":0,\"speed\":300,\"frame\":\"0\",\"from\":\"opacity:0;\",\"to\":\"o:1;\",\"ease\":\"Power3.easeInOut\"},{\"delay\":\"wait\",\"speed\":300,\"frame\":\"999\",\"to\":\"opacity:0;\",\"ease\":\"Power3.easeInOut\"}]'\n\t\t\tdata-textAlign=\"['center','center','center','center']\"\n\t\t\tdata-paddingtop=\"[20,20,20,20]\"\n\t\t\tdata-paddingright=\"[20,20,20,20]\"\n\t\t\tdata-paddingbottom=\"[20,20,20,20]\"\n\t\t\tdata-paddingleft=\"[20,20,20,20]\"\n\n\t\t\tstyle=\"z-index: 5; white-space: nowrap; font-size: 30px; line-height: 40px; font-weight: 600; color: rgba(86,86,86,1); letter-spacing: px;font-family:Open Sans;background-color:rgba(255, 255, 255, 0.7);border-radius:15px 15px 15px 15px;\">Biegen und Formung von rohrf\u00f6rmigen Teilen aus Edelstahl <br \/>\nHerstellung von industriellen Schwei\u00dfverbindungen\n <\/div>\n\t<\/li>\n\t<!-- SLIDE  -->\n\t<li data-index=\"rs-2\" data-transition=\"fade\" data-slotamount=\"default\" data-hideafterloop=\"0\" data-hideslideonmobile=\"off\"  data-easein=\"default\" data-easeout=\"default\" data-masterspeed=\"300\"  data-thumb=\"https:\/\/www.proform.fr\/de\/wp-content\/uploads\/sites\/3\/2017\/08\/1-17-100x50.jpg\"  data-rotate=\"0\"  data-saveperformance=\"off\"  data-title=\"Slide\" data-param1=\"\" data-param2=\"\" data-param3=\"\" data-param4=\"\" data-param5=\"\" data-param6=\"\" data-param7=\"\" data-param8=\"\" data-param9=\"\" data-param10=\"\" data-description=\"\">\n\t\t<!-- MAIN IMAGE -->\n\t\t<img loading=\"lazy\" decoding=\"async\" src=\"https:\/\/www.proform.fr\/de\/wp-content\/uploads\/sites\/3\/2017\/08\/1-17.jpg\"  alt=\"\"  width=\"1500\" height=\"458\" data-bgposition=\"center center\" data-bgfit=\"cover\" data-bgrepeat=\"no-repeat\" class=\"rev-slidebg\" data-no-retina>\n\t\t<!-- LAYERS -->\n\n\t\t<!-- LAYER NR. 2 -->\n\t\t<div class=\"tp-caption calibri   tp-resizeme\" \n\t\t\t id=\"slide-2-layer-1\" \n\t\t\t data-x=\"center\" data-hoffset=\"-1\" \n\t\t\t data-y=\"center\" data-voffset=\"\" \n\t\t\t\t\t\tdata-width=\"['auto']\"\n\t\t\tdata-height=\"['auto']\"\n \n\t\t\tdata-type=\"text\" \n\t\t\tdata-responsive_offset=\"on\" \n\n\t\t\tdata-frames='[{\"delay\":0,\"speed\":300,\"frame\":\"0\",\"from\":\"opacity:0;\",\"to\":\"o:1;\",\"ease\":\"Power3.easeInOut\"},{\"delay\":\"wait\",\"speed\":300,\"frame\":\"999\",\"to\":\"opacity:0;\",\"ease\":\"Power3.easeInOut\"}]'\n\t\t\tdata-textAlign=\"['center','center','center','center']\"\n\t\t\tdata-paddingtop=\"[20,20,20,20]\"\n\t\t\tdata-paddingright=\"[20,20,20,20]\"\n\t\t\tdata-paddingbottom=\"[20,20,20,20]\"\n\t\t\tdata-paddingleft=\"[20,20,20,20]\"\n\n\t\t\tstyle=\"z-index: 5; white-space: nowrap; font-size: 30px; line-height: 40px; font-weight: 600; color: rgba(86,86,86,1); letter-spacing: px;font-family:Open Sans;background-color:rgba(255, 255, 255, 0.7);border-radius:15px 15px 15px 15px;\">Normanschl\u00fcsse aus Edelstahl fur die chemische und <br \/>petrochemische Industrien, die Lebensmittelverarbeitung,<br \/>die Pharmaindustrie, die Weinindustrie, \u2026 <\/div>\n\t<\/li>\n\t<!-- SLIDE  -->\n\t<li data-index=\"rs-3\" data-transition=\"fade\" data-slotamount=\"default\" data-hideafterloop=\"0\" data-hideslideonmobile=\"off\"  data-easein=\"default\" data-easeout=\"default\" data-masterspeed=\"300\"  data-thumb=\"https:\/\/www.proform.fr\/de\/wp-content\/uploads\/sites\/3\/2017\/08\/1-16-100x50.jpg\"  data-rotate=\"0\"  data-saveperformance=\"off\"  data-title=\"Slide\" data-param1=\"\" data-param2=\"\" data-param3=\"\" data-param4=\"\" data-param5=\"\" data-param6=\"\" data-param7=\"\" data-param8=\"\" data-param9=\"\" data-param10=\"\" data-description=\"\">\n\t\t<!-- MAIN IMAGE -->\n\t\t<img loading=\"lazy\" decoding=\"async\" src=\"https:\/\/www.proform.fr\/de\/wp-content\/uploads\/sites\/3\/2017\/08\/1-16.jpg\"  alt=\"\"  width=\"1500\" height=\"680\" data-bgposition=\"center center\" data-bgfit=\"cover\" data-bgrepeat=\"no-repeat\" class=\"rev-slidebg\" data-no-retina>\n\t\t<!-- LAYERS -->\n\n\t\t<!-- LAYER NR. 3 -->\n\t\t<div class=\"tp-caption calibri   tp-resizeme\" \n\t\t\t id=\"slide-3-layer-1\" \n\t\t\t data-x=\"center\" data-hoffset=\"-1\" \n\t\t\t data-y=\"center\" data-voffset=\"-2\" \n\t\t\t\t\t\tdata-width=\"['auto']\"\n\t\t\tdata-height=\"['auto']\"\n \n\t\t\tdata-type=\"text\" \n\t\t\tdata-responsive_offset=\"on\" \n\n\t\t\tdata-frames='[{\"delay\":0,\"speed\":300,\"frame\":\"0\",\"from\":\"opacity:0;\",\"to\":\"o:1;\",\"ease\":\"Power3.easeInOut\"},{\"delay\":\"wait\",\"speed\":300,\"frame\":\"999\",\"to\":\"opacity:0;\",\"ease\":\"Power3.easeInOut\"}]'\n\t\t\tdata-textAlign=\"['center','center','center','center']\"\n\t\t\tdata-paddingtop=\"[20,20,20,20]\"\n\t\t\tdata-paddingright=\"[20,20,20,20]\"\n\t\t\tdata-paddingbottom=\"[20,20,20,20]\"\n\t\t\tdata-paddingleft=\"[20,20,20,20]\"\n\n\t\t\tstyle=\"z-index: 5; white-space: nowrap; font-size: 30px; line-height: 40px; font-weight: 600; color: rgba(86,86,86,1); letter-spacing: px;font-family:Open Sans;background-color:rgba(255, 255, 255, 0.7);border-radius:15px 15px 15px 15px;\">Biegen und Montage von starren Rohrleitungen f\u00fcr<br \/>die Raumfahrt-, Luftfahrt- und Automobilindustrien\n <\/div>\n\t<\/li>\n\t<!-- SLIDE  -->\n\t<li data-index=\"rs-4\" data-transition=\"fade\" data-slotamount=\"default\" data-hideafterloop=\"0\" data-hideslideonmobile=\"off\"  data-easein=\"default\" data-easeout=\"default\" data-masterspeed=\"300\"  data-thumb=\"https:\/\/www.proform.fr\/de\/wp-content\/uploads\/sites\/3\/2017\/08\/1-15-100x50.jpg\"  data-rotate=\"0\"  data-saveperformance=\"off\"  data-title=\"Slide\" data-param1=\"\" data-param2=\"\" data-param3=\"\" data-param4=\"\" data-param5=\"\" data-param6=\"\" data-param7=\"\" data-param8=\"\" data-param9=\"\" data-param10=\"\" data-description=\"\">\n\t\t<!-- MAIN IMAGE -->\n\t\t<img loading=\"lazy\" decoding=\"async\" src=\"https:\/\/www.proform.fr\/de\/wp-content\/uploads\/sites\/3\/2017\/08\/1-15.jpg\"  alt=\"\"  width=\"1688\" height=\"699\" data-bgposition=\"center center\" data-bgfit=\"cover\" data-bgrepeat=\"no-repeat\" class=\"rev-slidebg\" data-no-retina>\n\t\t<!-- LAYERS -->\n\n\t\t<!-- LAYER NR. 4 -->\n\t\t<div class=\"tp-caption calibri   tp-resizeme\" \n\t\t\t id=\"slide-4-layer-1\" \n\t\t\t data-x=\"center\" data-hoffset=\"-1\" \n\t\t\t data-y=\"center\" data-voffset=\"-1\" \n\t\t\t\t\t\tdata-width=\"['auto']\"\n\t\t\tdata-height=\"['auto']\"\n \n\t\t\tdata-type=\"text\" \n\t\t\tdata-responsive_offset=\"on\" \n\n\t\t\tdata-frames='[{\"delay\":0,\"speed\":300,\"frame\":\"0\",\"from\":\"opacity:0;\",\"to\":\"o:1;\",\"ease\":\"Power3.easeInOut\"},{\"delay\":\"wait\",\"speed\":300,\"frame\":\"999\",\"to\":\"opacity:0;\",\"ease\":\"Power3.easeInOut\"}]'\n\t\t\tdata-textAlign=\"['center','center','center','center']\"\n\t\t\tdata-paddingtop=\"[20,20,20,20]\"\n\t\t\tdata-paddingright=\"[20,20,20,20]\"\n\t\t\tdata-paddingbottom=\"[20,20,20,20]\"\n\t\t\tdata-paddingleft=\"[20,20,20,20]\"\n\n\t\t\tstyle=\"z-index: 5; white-space: nowrap; font-size: 30px; line-height: 40px; font-weight: 600; color: rgba(86,86,86,1); letter-spacing: px;font-family:Open Sans;background-color:rgba(255, 255, 255, 0.7);border-radius:15px 15px 15px 15px;\">Planung, Entwicklung und Ausf\u00fchrung von Teilen nach<br \/>Kundenzeichnungen und Spezifikationen<br \/>\nHerstellung von rohrf\u00f6rmigen Teilen und Komponenten<br \/>\naus Edelstahl, Titan, Inconell, Aluminium\n <\/div>\n\t<\/li>\n<\/ul>\n<script>var htmlDiv = document.getElementById(\"rs-plugin-settings-inline-css\"); var htmlDivCss=\"\";\r\n\t\t\t\t\t\tif(htmlDiv) {\r\n\t\t\t\t\t\t\thtmlDiv.innerHTML = htmlDiv.innerHTML + htmlDivCss;\r\n\t\t\t\t\t\t}else{\r\n\t\t\t\t\t\t\tvar htmlDiv = document.createElement(\"div\");\r\n\t\t\t\t\t\t\thtmlDiv.innerHTML = \"<style>\" + htmlDivCss + \"<\/style>\";\r\n\t\t\t\t\t\t\tdocument.getElementsByTagName(\"head\")[0].appendChild(htmlDiv.childNodes[0]);\r\n\t\t\t\t\t\t}\r\n\t\t\t\t\t<\/script>\n<div class=\"tp-bannertimer tp-bottom\" style=\"visibility: hidden !important;\"><\/div>\t<\/div>\n<script>var htmlDiv = document.getElementById(\"rs-plugin-settings-inline-css\"); var htmlDivCss=\"\";\r\n\t\t\t\tif(htmlDiv) {\r\n\t\t\t\t\thtmlDiv.innerHTML = htmlDiv.innerHTML + htmlDivCss;\r\n\t\t\t\t}else{\r\n\t\t\t\t\tvar htmlDiv = document.createElement(\"div\");\r\n\t\t\t\t\thtmlDiv.innerHTML = \"<style>\" + htmlDivCss + \"<\/style>\";\r\n\t\t\t\t\tdocument.getElementsByTagName(\"head\")[0].appendChild(htmlDiv.childNodes[0]);\r\n\t\t\t\t}\r\n\t\t\t<\/script>\n\t\t<script type=\"text\/javascript\">\r\nsetREVStartSize({c: jQuery('#rev_slider_1_1'), gridwidth: [1300], gridheight: [400], sliderLayout: 'auto'});\r\n\t\t\t\r\nvar revapi1,\r\n\ttpj=jQuery;\r\n\t\t\t\r\ntpj(document).ready(function() {\n\tif(tpj(\"#rev_slider_1_1\").revolution == undefined){\n\t\trevslider_showDoubleJqueryError(\"#rev_slider_1_1\");\n\t}else{\n\t\trevapi1 = tpj(\"#rev_slider_1_1\").show().revolution({\n\t\t\tsliderType:\"standard\",\n\t\t\tjsFileLocation:\"\/\/www.proform.fr\/de\/wp-content\/plugins\/revslider\/public\/assets\/js\/\",\n\t\t\tsliderLayout:\"auto\",\n\t\t\tdottedOverlay:\"none\",\n\t\t\tdelay:9000,\n\t\t\tnavigation: {\n\t\t\t\tkeyboardNavigation:\"off\",\n\t\t\t\tkeyboard_direction: \"horizontal\",\n\t\t\t\tmouseScrollNavigation:\"off\",\n \t\t\t\t\t\t\tmouseScrollReverse:\"default\",\n\t\t\t\tonHoverStop:\"off\",\n\t\t\t\tbullets: {\n\t\t\t\t\tenable:true,\n\t\t\t\t\thide_onmobile:false,\n\t\t\t\t\tstyle:\"hermes\",\n\t\t\t\t\thide_onleave:false,\n\t\t\t\t\tdirection:\"horizontal\",\n\t\t\t\t\th_align:\"center\",\n\t\t\t\t\tv_align:\"bottom\",\n\t\t\t\t\th_offset:0,\n\t\t\t\t\tv_offset:20,\n\t\t\t\t\tspace:5,\n\t\t\t\t\ttmp:''\n\t\t\t\t}\n\t\t\t},\n\t\t\tvisibilityLevels:[1240,1024,778,480],\n\t\t\tgridwidth:1300,\n\t\t\tgridheight:400,\n\t\t\tlazyType:\"none\",\n\t\t\tshadow:0,\n\t\t\tspinner:\"spinner0\",\n\t\t\tstopLoop:\"off\",\n\t\t\tstopAfterLoops:-1,\n\t\t\tstopAtSlide:-1,\n\t\t\tshuffle:\"off\",\n\t\t\tautoHeight:\"off\",\n\t\t\tdisableProgressBar:\"on\",\n\t\t\thideThumbsOnMobile:\"off\",\n\t\t\thideSliderAtLimit:0,\n\t\t\thideCaptionAtLimit:0,\n\t\t\thideAllCaptionAtLilmit:0,\n\t\t\tdebugMode:false,\n\t\t\tfallbacks: {\n\t\t\t\tsimplifyAll:\"off\",\n\t\t\t\tnextSlideOnWindowFocus:\"off\",\n\t\t\t\tdisableFocusListener:false,\n\t\t\t}\n\t\t});\n\t}\n\t\n});\t\/*ready*\/\n<\/script>\r\n\t\t<script>\r\n\t\t\t\t\tvar htmlDivCss = unescape(\".hermes.tp-bullets%20%7B%0A%7D%0A%0A.hermes%20.tp-bullet%20%7B%0A%20%20%20%20overflow%3Ahidden%3B%0A%20%20%20%20border-radius%3A50%25%3B%0A%20%20%20%20width%3A16px%3B%0A%20%20%20%20height%3A16px%3B%0A%20%20%20%20background-color%3A%20rgba%280%2C%200%2C%200%2C%200%29%3B%0A%20%20%20%20box-shadow%3A%20inset%200%200%200%202px%20rgb%28255%2C%20255%2C%20255%29%3B%0A%20%20%20%20-webkit-transition%3A%20background%200.3s%20ease%3B%0A%20%20%20%20transition%3A%20background%200.3s%20ease%3B%0A%20%20%20%20position%3Aabsolute%3B%0A%7D%0A%0A.hermes%20.tp-bullet%3Ahover%20%7B%0A%09%20%20background-color%3A%20rgba%280%2C0%2C0%2C0.21%29%3B%0A%7D%0A.hermes%20.tp-bullet%3Aafter%20%7B%0A%20%20content%3A%20%27%20%27%3B%0A%20%20position%3A%20absolute%3B%0A%20%20bottom%3A%200%3B%0A%20%20height%3A%200%3B%0A%20%20left%3A%200%3B%0A%20%20width%3A%20100%25%3B%0A%20%20background-color%3A%20rgb%28255%2C%20255%2C%20255%29%3B%0A%20%20box-shadow%3A%200%200%201px%20rgb%28255%2C%20255%2C%20255%29%3B%0A%20%20-webkit-transition%3A%20height%200.3s%20ease%3B%0A%20%20transition%3A%20height%200.3s%20ease%3B%0A%7D%0A.hermes%20.tp-bullet.selected%3Aafter%20%7B%0A%20%20height%3A100%25%3B%0A%7D%0A%0A\");\r\n\t\t\t\t\tvar htmlDiv = document.getElementById('rs-plugin-settings-inline-css');\r\n\t\t\t\t\tif(htmlDiv) {\r\n\t\t\t\t\t\thtmlDiv.innerHTML = htmlDiv.innerHTML + htmlDivCss;\r\n\t\t\t\t\t}\r\n\t\t\t\t\telse{\r\n\t\t\t\t\t\tvar htmlDiv = document.createElement('div');\r\n\t\t\t\t\t\thtmlDiv.innerHTML = '<style>' + htmlDivCss + '<\/style>';\r\n\t\t\t\t\t\tdocument.getElementsByTagName('head')[0].appendChild(htmlDiv.childNodes[0]);\r\n\t\t\t\t\t}\r\n\t\t\t\t  <\/script>\r\n\t\t\t\t<\/div><!-- END REVOLUTION SLIDER -->[\/vc_column_text][\/vc_column][\/vc_row][vc_row full_width=&#8220;stretch_row&#8220; content_placement=&#8220;middle&#8220; margin_top=&#8220;0&#8243; css=&#8220;.vc_custom_1688548368385{background-color: #66aacc !important;}&#8220; el_class=&#8220;fondbleu colmemhaut&#8220;][vc_column css=&#8220;.vc_custom_1500040231963{padding-top: 15px !important;padding-bottom: 15px !important;}&#8220;][vc_row_inner equal_height=&#8220;yes&#8220; content_placement=&#8220;middle&#8220; el_class=&#8220;colmemhaut contfw&#8220; css=&#8220;.vc_custom_1504162040195{margin-top: 0px !important;padding-top: 0px !important;}&#8220;][vc_column_inner width=&#8220;1\/2&#8243;][vc_column_text]\n<h2><span style=\"color: #ffffff;\">PROFORM<\/span><\/h2>\n<p><span style=\"color: #ffffff;\">Herstellung von Rohrzubeh\u00f6re, B\u00f6gen, T-St\u00fccke, Reduzierungen, gepresste Flansche, Kappen, B\u00f6rdel, B\u00f6den, Ankern, Rohrschlangen und anderen Spezialteilen, Rohrbestandteilen, Kanalisationen und kompletten Rohrleitungssystemen.<\/span><\/p>\n<p><span style=\"color: #ffffff;\">Kaltbiegung und -Formung, Bearbeitung, Montage und Schwei\u00dfen von Rohren, Blechen und Profilstahl aus Edelstahl, Nickel-, Titan- und anderen Metalllegierungen je nach Kundenspezifikationen.<br \/>\n<\/span>[\/vc_column_text][\/vc_column_inner][vc_column_inner width=&#8220;1\/2&#8243; css=&#8220;.vc_custom_1504161841901{margin-top: 0px !important;padding-top: 0px !important;}&#8220;][vc_column_text]<iframe loading=\"lazy\" src=\"https:\/\/www.youtube.com\/embed\/m4Sc4j4j0i8\" width=\"560\" height=\"315\" frameborder=\"0\" allowfullscreen=\"allowfullscreen\"><\/iframe>[\/vc_column_text][\/vc_column_inner][\/vc_row_inner][\/vc_column][\/vc_row][vc_row][vc_column][vc_empty_space][vc_column_text]1967 gegr\u00fcndet, Proform ist heute ein KMU mit menschlicher Dimension, anerkanntem Know-how, qualifizierte und hoch-motivierte Arbeitskr\u00e4fte.<\/p>\n<p>Mit Standort im S\u00fcdwesten von Lyon, besch\u00e4ftigte sich die Firma von Anfang an mit der Kaltumformung von Rohre\u00a0 und spezialisierte sich schnell auf das Biegen von alle Arten von Edelstahl und Nickellegierungen.<\/p>\n<p>Seit dem Beginn der 80er Jahre konzentriert sich das Unternehmen mit seinem Know-how auf eine makellose Qualit\u00e4t seiner Produkte und Serviceleistungen und erwarb so die Zulassungen und Zertifikate, die f\u00fcr eine Erweiterung seiner Produktion durch Export und Diversifizierung seiner Produktanwendungen erforderlich sind:[\/vc_column_text][\/vc_column][\/vc_row][vc_row][vc_column width=&#8220;1\/2&#8243;][vc_column_text]\n<ul>\n<li>Chemie<\/li>\n<li>Feinchemie<\/li>\n<li>Papierwaren<\/li>\n<li>Petrochemie<\/li>\n<li>Lebensmittelindustrie<\/li>\n<li>Weinbau<\/li>\n<li>Pharmazeutik<\/li>\n<li>Nukleartechnik<\/li>\n<li>Luft- und Raumfahrt<\/li>\n<li>Automobilbau<\/li>\n<\/ul>\n[\/vc_column_text][\/vc_column][vc_column width=&#8220;1\/2&#8243;][vc_single_image image=&#8220;530&#8243; img_size=&#8220;full&#8220; alignment=&#8220;center&#8220;][\/vc_column][\/vc_row][vc_row][vc_column][vc_column_text]Um auch den h\u00f6chsten spezifischen Anforderungen gerecht werden zu k\u00f6nnen, werden die erforderlichen Maschinen und Werkzeuge von Proform unter Einbeziehung seines eigenen Know-hows selbst entwickelt und hergestellt.<\/p>\n<p>Proform &#8211; das sind heute:[\/vc_column_text][vc_row_inner][vc_column_inner width=&#8220;1\/2&#8243;][vc_column_text]\n<ul>\n<li>50 Jahre Erfahrung in der komplexen Kaltumformung<\/li>\n<li>200, im Dienste des Kunden stehende Mitarbeiter<\/li>\n<li>Eine anerkannte Produkt- und Servicequalit\u00e4t\u00a0 : OTD und OQD &gt; 95%<\/li>\n<\/ul>\n[\/vc_column_text][\/vc_column_inner][vc_column_inner width=&#8220;1\/2&#8243;][vc_column_text]\n<ul>\n<li>20 000m\u00b2 Produktionsfl\u00e4sche<\/li>\n<li>Ein Umsatz von 28 Millionen Euro; davon werden mehr als 60% im Export erzielt<\/li>\n<li>Ein sich \u00fcber 40 L\u00e4nder auf allen f\u00fcnf Kontinenten erstreckendes Netz von Vertriebsh\u00e4ndlern<\/li>\n<\/ul>\n[\/vc_column_text][\/vc_column_inner][\/vc_row_inner][\/vc_column][\/vc_row]\n","protected":false},"excerpt":{"rendered":"<p>[vc_row type=&#8220;vc_default&#8220; full_width=&#8220;stretch_row_content&#8220; content_placement=&#8220;middle&#8220; margin_top=&#8220;-70px&#8220; full_width_row=&#8220;true&#8220;][vc_column][vc_column_text][\/vc_column_text][\/vc_column][\/vc_row][vc_row full_width=&#8220;stretch_row&#8220; content_placement=&#8220;middle&#8220; margin_top=&#8220;0&#8243; css=&#8220;.vc_custom_1688548368385{background-color: #66aacc !important;}&#8220; el_class=&#8220;fondbleu colmemhaut&#8220;][vc_column css=&#8220;.vc_custom_1500040231963{padding-top: 15px !important;padding-bottom: 15px !important;}&#8220;][vc_row_inner equal_height=&#8220;yes&#8220; content_placement=&#8220;middle&#8220; el_class=&#8220;colmemhaut contfw&#8220; css=&#8220;.vc_custom_1504162040195{margin-top: 0px !important;padding-top: 0px !important;}&#8220;][vc_column_inner width=&#8220;1\/2&#8243;][vc_column_text] PROFORM Herstellung von Rohrzubeh\u00f6re, B\u00f6gen, T-St\u00fccke, Reduzierungen, gepresste Flansche, Kappen, B\u00f6rdel, B\u00f6den, Ankern, Rohrschlangen und anderen Spezialteilen, Rohrbestandteilen, Kanalisationen und kompletten Rohrleitungssystemen. Kaltbiegung und -Formung, Bearbeitung,&hellip;<\/p>\n","protected":false},"author":1,"featured_media":0,"parent":0,"menu_order":0,"comment_status":"closed","ping_status":"closed","template":"","meta":[],"class_list":["post-8","page","type-page","status-publish","hentry","description-off"],"yoast_head":"<!-- This site is optimized with the Yoast SEO plugin v26.7 - https:\/\/yoast.com\/wordpress\/plugins\/seo\/ -->\n<title>PROFORM<\/title>\n<meta name=\"description\" content=\"PROFORM\" \/>\n<meta name=\"robots\" content=\"index, follow, max-snippet:-1, max-image-preview:large, max-video-preview:-1\" \/>\n<link rel=\"canonical\" href=\"https:\/\/www.proform.fr\/de\/\" \/>\n<meta property=\"og:locale\" content=\"de_DE\" \/>\n<meta property=\"og:type\" content=\"article\" \/>\n<meta property=\"og:title\" content=\"PROFORM\" \/>\n<meta property=\"og:description\" content=\"PROFORM\" \/>\n<meta property=\"og:url\" content=\"https:\/\/www.proform.fr\/de\/\" \/>\n<meta property=\"og:site_name\" content=\"Proform DE\" \/>\n<meta property=\"article:modified_time\" content=\"2026-01-16T08:42:30+00:00\" \/>\n<meta name=\"twitter:card\" content=\"summary_large_image\" \/>\n<meta name=\"twitter:label1\" content=\"Gesch\u00e4tzte Lesezeit\" \/>\n\t<meta name=\"twitter:data1\" content=\"2\u00a0Minuten\" \/>\n<script type=\"application\/ld+json\" class=\"yoast-schema-graph\">{\"@context\":\"https:\/\/schema.org\",\"@graph\":[{\"@type\":\"WebPage\",\"@id\":\"https:\/\/www.proform.fr\/de\/\",\"url\":\"https:\/\/www.proform.fr\/de\/\",\"name\":\"PROFORM\",\"isPartOf\":{\"@id\":\"https:\/\/www.proform.fr\/de\/#website\"},\"datePublished\":\"2016-12-23T10:40:00+00:00\",\"dateModified\":\"2026-01-16T08:42:30+00:00\",\"description\":\"PROFORM\",\"breadcrumb\":{\"@id\":\"https:\/\/www.proform.fr\/de\/#breadcrumb\"},\"inLanguage\":\"de\",\"potentialAction\":[{\"@type\":\"ReadAction\",\"target\":[\"https:\/\/www.proform.fr\/de\/\"]}]},{\"@type\":\"BreadcrumbList\",\"@id\":\"https:\/\/www.proform.fr\/de\/#breadcrumb\",\"itemListElement\":[{\"@type\":\"ListItem\",\"position\":1,\"name\":\"Accueil\",\"item\":\"https:\/\/www.proform.fr\/de\/\"},{\"@type\":\"ListItem\",\"position\":2,\"name\":\"Home\"}]},{\"@type\":\"WebSite\",\"@id\":\"https:\/\/www.proform.fr\/de\/#website\",\"url\":\"https:\/\/www.proform.fr\/de\/\",\"name\":\"Proform DE\",\"description\":\"Un site utilisant Les sites de Proform\",\"potentialAction\":[{\"@type\":\"SearchAction\",\"target\":{\"@type\":\"EntryPoint\",\"urlTemplate\":\"https:\/\/www.proform.fr\/de\/?s={search_term_string}\"},\"query-input\":{\"@type\":\"PropertyValueSpecification\",\"valueRequired\":true,\"valueName\":\"search_term_string\"}}],\"inLanguage\":\"de\"}]}<\/script>\n<!-- \/ Yoast SEO plugin. -->","yoast_head_json":{"title":"PROFORM","description":"PROFORM","robots":{"index":"index","follow":"follow","max-snippet":"max-snippet:-1","max-image-preview":"max-image-preview:large","max-video-preview":"max-video-preview:-1"},"canonical":"https:\/\/www.proform.fr\/de\/","og_locale":"de_DE","og_type":"article","og_title":"PROFORM","og_description":"PROFORM","og_url":"https:\/\/www.proform.fr\/de\/","og_site_name":"Proform DE","article_modified_time":"2026-01-16T08:42:30+00:00","twitter_card":"summary_large_image","twitter_misc":{"Gesch\u00e4tzte Lesezeit":"2\u00a0Minuten"},"schema":{"@context":"https:\/\/schema.org","@graph":[{"@type":"WebPage","@id":"https:\/\/www.proform.fr\/de\/","url":"https:\/\/www.proform.fr\/de\/","name":"PROFORM","isPartOf":{"@id":"https:\/\/www.proform.fr\/de\/#website"},"datePublished":"2016-12-23T10:40:00+00:00","dateModified":"2026-01-16T08:42:30+00:00","description":"PROFORM","breadcrumb":{"@id":"https:\/\/www.proform.fr\/de\/#breadcrumb"},"inLanguage":"de","potentialAction":[{"@type":"ReadAction","target":["https:\/\/www.proform.fr\/de\/"]}]},{"@type":"BreadcrumbList","@id":"https:\/\/www.proform.fr\/de\/#breadcrumb","itemListElement":[{"@type":"ListItem","position":1,"name":"Accueil","item":"https:\/\/www.proform.fr\/de\/"},{"@type":"ListItem","position":2,"name":"Home"}]},{"@type":"WebSite","@id":"https:\/\/www.proform.fr\/de\/#website","url":"https:\/\/www.proform.fr\/de\/","name":"Proform DE","description":"Un site utilisant Les sites de Proform","potentialAction":[{"@type":"SearchAction","target":{"@type":"EntryPoint","urlTemplate":"https:\/\/www.proform.fr\/de\/?s={search_term_string}"},"query-input":{"@type":"PropertyValueSpecification","valueRequired":true,"valueName":"search_term_string"}}],"inLanguage":"de"}]}},"_links":{"self":[{"href":"https:\/\/www.proform.fr\/de\/wp-json\/wp\/v2\/pages\/8","targetHints":{"allow":["GET"]}}],"collection":[{"href":"https:\/\/www.proform.fr\/de\/wp-json\/wp\/v2\/pages"}],"about":[{"href":"https:\/\/www.proform.fr\/de\/wp-json\/wp\/v2\/types\/page"}],"author":[{"embeddable":true,"href":"https:\/\/www.proform.fr\/de\/wp-json\/wp\/v2\/users\/1"}],"replies":[{"embeddable":true,"href":"https:\/\/www.proform.fr\/de\/wp-json\/wp\/v2\/comments?post=8"}],"version-history":[{"count":13,"href":"https:\/\/www.proform.fr\/de\/wp-json\/wp\/v2\/pages\/8\/revisions"}],"predecessor-version":[{"id":855,"href":"https:\/\/www.proform.fr\/de\/wp-json\/wp\/v2\/pages\/8\/revisions\/855"}],"wp:attachment":[{"href":"https:\/\/www.proform.fr\/de\/wp-json\/wp\/v2\/media?parent=8"}],"curies":[{"name":"wp","href":"https:\/\/api.w.org\/{rel}","templated":true}]}}